{"id":14277,"date":"2025-07-15T12:56:26","date_gmt":"2025-07-15T10:56:26","guid":{"rendered":"https:\/\/uj.adatbank.ro\/lexikon\/termek\/maetz-michael\/"},"modified":"2025-07-15T12:56:26","modified_gmt":"2025-07-15T10:56:26","slug":"maetz-michael","status":"publish","type":"product","link":"https:\/\/uj.adatbank.ro\/lexikon\/termek\/maetz-michael\/","title":{"rendered":"MAETZ Michael"},"content":{"rendered":"<p>Segesv\u00e1r, ? \u2020 Holdvil\u00e1g, 1834. dec. 10.\u00a0: lelk\u00e9sz, tan\u00e1r. \u2013 Tanult J\u00e9n\u00e1ban (1791). Tan\u00e1r Segesv\u00e1ron (1796\u20131808); lelkip\u00e1sztor Holdvil\u00e1gon (1808\u201334). <br \/><strong>Irod.:<\/strong> Szab\u00f3-Sz\u00f6gi<\/br><\/p>\n","protected":false},"excerpt":{"rendered":"<p>Segesv\u00e1r, ? \u2020 Holdvil\u00e1g, 1834. dec. 10.\u00a0: lelk\u00e9sz, tan\u00e1r. \u2013 Tanult J\u00e9n\u00e1ban (1791). Tan\u00e1r Segesv\u00e1ron (1796\u20131808); lelkip\u00e1sztor Holdvil\u00e1gon (1808\u201334). Irod.: Szab\u00f3-Sz\u00f6gi<\/p>\n","protected":false},"featured_media":0,"comment_status":"open","ping_status":"closed","template":"","meta":[],"product_brand":[],"product_cat":[137],"product_tag":[],"class_list":{"0":"post-14277","1":"product","2":"type-product","3":"status-publish","5":"product_cat-maros-megyei-eletrajzi-lexikon","7":"first","8":"instock","9":"shipping-taxable","10":"product-type-simple"},"_links":{"self":[{"href":"https:\/\/uj.adatbank.ro\/lexikon\/wp-json\/wp\/v2\/product\/14277","targetHints":{"allow":["GET"]}}],"collection":[{"href":"https:\/\/uj.adatbank.ro\/lexikon\/wp-json\/wp\/v2\/product"}],"about":[{"href":"https:\/\/uj.adatbank.ro\/lexikon\/wp-json\/wp\/v2\/types\/product"}],"replies":[{"embeddable":true,"href":"https:\/\/uj.adatbank.ro\/lexikon\/wp-json\/wp\/v2\/comments?post=14277"}],"wp:attachment":[{"href":"https:\/\/uj.adatbank.ro\/lexikon\/wp-json\/wp\/v2\/media?parent=14277"}],"wp:term":[{"taxonomy":"product_brand","embeddable":true,"href":"https:\/\/uj.adatbank.ro\/lexikon\/wp-json\/wp\/v2\/product_brand?post=14277"},{"taxonomy":"product_cat","embeddable":true,"href":"https:\/\/uj.adatbank.ro\/lexikon\/wp-json\/wp\/v2\/product_cat?post=14277"},{"taxonomy":"product_tag","embeddable":true,"href":"https:\/\/uj.adatbank.ro\/lexikon\/wp-json\/wp\/v2\/product_tag?post=14277"}],"curies":[{"name":"wp","href":"https:\/\/api.w.org\/{rel}","templated":true}]}}