{"id":14280,"date":"2025-07-15T12:56:31","date_gmt":"2025-07-15T10:56:31","guid":{"rendered":"https:\/\/uj.adatbank.ro\/lexikon\/termek\/maetz-wilhelm-samuel\/"},"modified":"2025-07-15T12:56:31","modified_gmt":"2025-07-15T10:56:31","slug":"maetz-wilhelm-samuel","status":"publish","type":"product","link":"https:\/\/uj.adatbank.ro\/lexikon\/termek\/maetz-wilhelm-samuel\/","title":{"rendered":"MAETZ Wilhelm Samuel"},"content":{"rendered":"<p>? 1805., \u2020 1858.: orgona\u00e9p\u00edt\u0151, Metz Albert nagyapja. <br \/><strong>Irod.:<\/strong> Wikipedia<\/br><\/p>\n","protected":false},"excerpt":{"rendered":"<p>? 1805., \u2020 1858.: orgona\u00e9p\u00edt\u0151, Metz Albert nagyapja. Irod.: Wikipedia<\/p>\n","protected":false},"featured_media":0,"comment_status":"open","ping_status":"closed","template":"","meta":[],"product_brand":[],"product_cat":[137],"product_tag":[],"class_list":{"0":"post-14280","1":"product","2":"type-product","3":"status-publish","5":"product_cat-maros-megyei-eletrajzi-lexikon","7":"first","8":"instock","9":"shipping-taxable","10":"product-type-simple"},"_links":{"self":[{"href":"https:\/\/uj.adatbank.ro\/lexikon\/wp-json\/wp\/v2\/product\/14280","targetHints":{"allow":["GET"]}}],"collection":[{"href":"https:\/\/uj.adatbank.ro\/lexikon\/wp-json\/wp\/v2\/product"}],"about":[{"href":"https:\/\/uj.adatbank.ro\/lexikon\/wp-json\/wp\/v2\/types\/product"}],"replies":[{"embeddable":true,"href":"https:\/\/uj.adatbank.ro\/lexikon\/wp-json\/wp\/v2\/comments?post=14280"}],"wp:attachment":[{"href":"https:\/\/uj.adatbank.ro\/lexikon\/wp-json\/wp\/v2\/media?parent=14280"}],"wp:term":[{"taxonomy":"product_brand","embeddable":true,"href":"https:\/\/uj.adatbank.ro\/lexikon\/wp-json\/wp\/v2\/product_brand?post=14280"},{"taxonomy":"product_cat","embeddable":true,"href":"https:\/\/uj.adatbank.ro\/lexikon\/wp-json\/wp\/v2\/product_cat?post=14280"},{"taxonomy":"product_tag","embeddable":true,"href":"https:\/\/uj.adatbank.ro\/lexikon\/wp-json\/wp\/v2\/product_tag?post=14280"}],"curies":[{"name":"wp","href":"https:\/\/api.w.org\/{rel}","templated":true}]}}