{"id":14281,"date":"2025-07-15T12:56:32","date_gmt":"2025-07-15T10:56:32","guid":{"rendered":"https:\/\/uj.adatbank.ro\/lexikon\/termek\/maftei-gheorghe\/"},"modified":"2025-07-15T12:56:32","modified_gmt":"2025-07-15T10:56:32","slug":"maftei-gheorghe","status":"publish","type":"product","link":"https:\/\/uj.adatbank.ro\/lexikon\/termek\/maftei-gheorghe\/","title":{"rendered":"MAFTEI, Gheorghe"},"content":{"rendered":"<p>? \u2020 1953.: segesv\u00e1ri egyetemi hallgat\u00f3. \u2013 antikommunista harcos, a pite\u015fti \u00e1tnevel\u0151 t\u00e1borban volt, felakasztott\u00e1k (1953). <br \/><strong>Irod.:<\/strong> Ioni\u0163oiu<\/br><\/p>\n","protected":false},"excerpt":{"rendered":"<p>? \u2020 1953.: segesv\u00e1ri egyetemi hallgat\u00f3. \u2013 antikommunista harcos, a pite\u015fti \u00e1tnevel\u0151 t\u00e1borban volt, felakasztott\u00e1k (1953). Irod.: Ioni\u0163oiu<\/p>\n","protected":false},"featured_media":0,"comment_status":"open","ping_status":"closed","template":"","meta":[],"product_brand":[],"product_cat":[137],"product_tag":[],"class_list":{"0":"post-14281","1":"product","2":"type-product","3":"status-publish","5":"product_cat-maros-megyei-eletrajzi-lexikon","7":"first","8":"instock","9":"shipping-taxable","10":"product-type-simple"},"_links":{"self":[{"href":"https:\/\/uj.adatbank.ro\/lexikon\/wp-json\/wp\/v2\/product\/14281","targetHints":{"allow":["GET"]}}],"collection":[{"href":"https:\/\/uj.adatbank.ro\/lexikon\/wp-json\/wp\/v2\/product"}],"about":[{"href":"https:\/\/uj.adatbank.ro\/lexikon\/wp-json\/wp\/v2\/types\/product"}],"replies":[{"embeddable":true,"href":"https:\/\/uj.adatbank.ro\/lexikon\/wp-json\/wp\/v2\/comments?post=14281"}],"wp:attachment":[{"href":"https:\/\/uj.adatbank.ro\/lexikon\/wp-json\/wp\/v2\/media?parent=14281"}],"wp:term":[{"taxonomy":"product_brand","embeddable":true,"href":"https:\/\/uj.adatbank.ro\/lexikon\/wp-json\/wp\/v2\/product_brand?post=14281"},{"taxonomy":"product_cat","embeddable":true,"href":"https:\/\/uj.adatbank.ro\/lexikon\/wp-json\/wp\/v2\/product_cat?post=14281"},{"taxonomy":"product_tag","embeddable":true,"href":"https:\/\/uj.adatbank.ro\/lexikon\/wp-json\/wp\/v2\/product_tag?post=14281"}],"curies":[{"name":"wp","href":"https:\/\/api.w.org\/{rel}","templated":true}]}}