{"id":14285,"date":"2025-07-15T12:56:42","date_gmt":"2025-07-15T10:56:42","guid":{"rendered":"https:\/\/uj.adatbank.ro\/lexikon\/termek\/magori-jeno\/"},"modified":"2025-07-15T12:56:42","modified_gmt":"2025-07-15T10:56:42","slug":"magori-jeno","status":"publish","type":"product","link":"https:\/\/uj.adatbank.ro\/lexikon\/termek\/magori-jeno\/","title":{"rendered":"M\u00c1GORI Jen\u0151"},"content":{"rendered":"<p>1907., \u2020\u00a0Mv., 1990. m\u00e1rc. 23.: \u00fcgyv\u00e9d, jogtan\u00e1csos. \u2013 Irod. : [Nekrol\u00f3g] (N\u00fa., 1990. m\u00e1rc. 27.)<\/br><\/p>\n","protected":false},"excerpt":{"rendered":"<p>1907., \u2020\u00a0Mv., 1990. m\u00e1rc. 23.: \u00fcgyv\u00e9d, jogtan\u00e1csos. \u2013 Irod. : [Nekrol\u00f3g] (N\u00fa., 1990. m\u00e1rc. 27.)<\/p>\n","protected":false},"featured_media":0,"comment_status":"open","ping_status":"closed","template":"","meta":[],"product_brand":[],"product_cat":[137],"product_tag":[],"class_list":{"0":"post-14285","1":"product","2":"type-product","3":"status-publish","5":"product_cat-maros-megyei-eletrajzi-lexikon","7":"first","8":"instock","9":"shipping-taxable","10":"product-type-simple"},"_links":{"self":[{"href":"https:\/\/uj.adatbank.ro\/lexikon\/wp-json\/wp\/v2\/product\/14285","targetHints":{"allow":["GET"]}}],"collection":[{"href":"https:\/\/uj.adatbank.ro\/lexikon\/wp-json\/wp\/v2\/product"}],"about":[{"href":"https:\/\/uj.adatbank.ro\/lexikon\/wp-json\/wp\/v2\/types\/product"}],"replies":[{"embeddable":true,"href":"https:\/\/uj.adatbank.ro\/lexikon\/wp-json\/wp\/v2\/comments?post=14285"}],"wp:attachment":[{"href":"https:\/\/uj.adatbank.ro\/lexikon\/wp-json\/wp\/v2\/media?parent=14285"}],"wp:term":[{"taxonomy":"product_brand","embeddable":true,"href":"https:\/\/uj.adatbank.ro\/lexikon\/wp-json\/wp\/v2\/product_brand?post=14285"},{"taxonomy":"product_cat","embeddable":true,"href":"https:\/\/uj.adatbank.ro\/lexikon\/wp-json\/wp\/v2\/product_cat?post=14285"},{"taxonomy":"product_tag","embeddable":true,"href":"https:\/\/uj.adatbank.ro\/lexikon\/wp-json\/wp\/v2\/product_tag?post=14285"}],"curies":[{"name":"wp","href":"https:\/\/api.w.org\/{rel}","templated":true}]}}