{"id":14290,"date":"2025-07-15T12:56:51","date_gmt":"2025-07-15T10:56:51","guid":{"rendered":"https:\/\/uj.adatbank.ro\/lexikon\/termek\/magyar-alias-madarassy-mezomadarasi-csalad\/"},"modified":"2025-07-15T12:56:51","modified_gmt":"2025-07-15T10:56:51","slug":"magyar-alias-madarassy-mezomadarasi-csalad","status":"publish","type":"product","link":"https:\/\/uj.adatbank.ro\/lexikon\/termek\/magyar-alias-madarassy-mezomadarasi-csalad\/","title":{"rendered":"MAGYAR alias MADARASSY, mez\u0151madarasi csal\u00e1d"},"content":{"rendered":"<p>A c\u00edmeres levelet Rudolft\u00f3l (1578. \u00e1pr. 12.) M. P\u00e1l \u00e9s J\u00e1nos kapt\u00e1k. A csal\u00e1d k\u00e9s\u0151bb el\u0151nev\u00e9t, a Madarassy nevet vette fel csal\u00e1dnev\u00e9\u00fcl. \u2013 V\u00f6. Madarassy (mez\u0151madarasi). <br \/><strong>Irod.:<\/strong> Sz\u00e9kelyf\u00f6ld t\u00f6rt.<\/br><\/p>\n","protected":false},"excerpt":{"rendered":"<p>A c\u00edmeres levelet Rudolft\u00f3l (1578. \u00e1pr. 12.) M. P\u00e1l \u00e9s J\u00e1nos kapt\u00e1k. A csal\u00e1d k\u00e9s\u0151bb el\u0151nev\u00e9t, a Madarassy nevet vette fel csal\u00e1dnev\u00e9\u00fcl. \u2013 V\u00f6. Madarassy (mez\u0151madarasi). Irod.: Sz\u00e9kelyf\u00f6ld t\u00f6rt.<\/p>\n","protected":false},"featured_media":0,"comment_status":"open","ping_status":"closed","template":"","meta":[],"product_brand":[],"product_cat":[137],"product_tag":[],"class_list":{"0":"post-14290","1":"product","2":"type-product","3":"status-publish","5":"product_cat-maros-megyei-eletrajzi-lexikon","7":"first","8":"instock","9":"shipping-taxable","10":"product-type-simple"},"_links":{"self":[{"href":"https:\/\/uj.adatbank.ro\/lexikon\/wp-json\/wp\/v2\/product\/14290","targetHints":{"allow":["GET"]}}],"collection":[{"href":"https:\/\/uj.adatbank.ro\/lexikon\/wp-json\/wp\/v2\/product"}],"about":[{"href":"https:\/\/uj.adatbank.ro\/lexikon\/wp-json\/wp\/v2\/types\/product"}],"replies":[{"embeddable":true,"href":"https:\/\/uj.adatbank.ro\/lexikon\/wp-json\/wp\/v2\/comments?post=14290"}],"wp:attachment":[{"href":"https:\/\/uj.adatbank.ro\/lexikon\/wp-json\/wp\/v2\/media?parent=14290"}],"wp:term":[{"taxonomy":"product_brand","embeddable":true,"href":"https:\/\/uj.adatbank.ro\/lexikon\/wp-json\/wp\/v2\/product_brand?post=14290"},{"taxonomy":"product_cat","embeddable":true,"href":"https:\/\/uj.adatbank.ro\/lexikon\/wp-json\/wp\/v2\/product_cat?post=14290"},{"taxonomy":"product_tag","embeddable":true,"href":"https:\/\/uj.adatbank.ro\/lexikon\/wp-json\/wp\/v2\/product_tag?post=14290"}],"curies":[{"name":"wp","href":"https:\/\/api.w.org\/{rel}","templated":true}]}}