{"id":14292,"date":"2025-07-15T12:56:55","date_gmt":"2025-07-15T10:56:55","guid":{"rendered":"https:\/\/uj.adatbank.ro\/lexikon\/termek\/magyar-istvan-stefani-ungar\/"},"modified":"2025-07-15T12:56:55","modified_gmt":"2025-07-15T10:56:55","slug":"magyar-istvan-stefani-ungar","status":"publish","type":"product","link":"https:\/\/uj.adatbank.ro\/lexikon\/termek\/magyar-istvan-stefani-ungar\/","title":{"rendered":"MAGYAR Istv\u00e1n; Stefani UNGAR"},"content":{"rendered":"<p>Segesv\u00e1r, \u2020 ? : 16. sz. \u00e9p\u00edt\u00e9sz Segesv\u00e1ron. \u2013 Mikl\u00f3stelke templom\u00e1t \u00e9p\u00edtette (1524). <br \/><strong>Irod.:<\/strong> \u00c9ber; Moln\u00e1r<\/br><\/p>\n","protected":false},"excerpt":{"rendered":"<p>Segesv\u00e1r, \u2020 ? : 16. sz. \u00e9p\u00edt\u00e9sz Segesv\u00e1ron. \u2013 Mikl\u00f3stelke templom\u00e1t \u00e9p\u00edtette (1524). Irod.: \u00c9ber; Moln\u00e1r<\/p>\n","protected":false},"featured_media":0,"comment_status":"open","ping_status":"closed","template":"","meta":[],"product_brand":[],"product_cat":[137],"product_tag":[],"class_list":{"0":"post-14292","1":"product","2":"type-product","3":"status-publish","5":"product_cat-maros-megyei-eletrajzi-lexikon","7":"first","8":"instock","9":"shipping-taxable","10":"product-type-simple"},"_links":{"self":[{"href":"https:\/\/uj.adatbank.ro\/lexikon\/wp-json\/wp\/v2\/product\/14292","targetHints":{"allow":["GET"]}}],"collection":[{"href":"https:\/\/uj.adatbank.ro\/lexikon\/wp-json\/wp\/v2\/product"}],"about":[{"href":"https:\/\/uj.adatbank.ro\/lexikon\/wp-json\/wp\/v2\/types\/product"}],"replies":[{"embeddable":true,"href":"https:\/\/uj.adatbank.ro\/lexikon\/wp-json\/wp\/v2\/comments?post=14292"}],"wp:attachment":[{"href":"https:\/\/uj.adatbank.ro\/lexikon\/wp-json\/wp\/v2\/media?parent=14292"}],"wp:term":[{"taxonomy":"product_brand","embeddable":true,"href":"https:\/\/uj.adatbank.ro\/lexikon\/wp-json\/wp\/v2\/product_brand?post=14292"},{"taxonomy":"product_cat","embeddable":true,"href":"https:\/\/uj.adatbank.ro\/lexikon\/wp-json\/wp\/v2\/product_cat?post=14292"},{"taxonomy":"product_tag","embeddable":true,"href":"https:\/\/uj.adatbank.ro\/lexikon\/wp-json\/wp\/v2\/product_tag?post=14292"}],"curies":[{"name":"wp","href":"https:\/\/api.w.org\/{rel}","templated":true}]}}