{"id":14293,"date":"2025-07-15T12:56:58","date_gmt":"2025-07-15T10:56:58","guid":{"rendered":"https:\/\/uj.adatbank.ro\/lexikon\/termek\/magyar-vilmos\/"},"modified":"2025-07-15T12:56:58","modified_gmt":"2025-07-15T10:56:58","slug":"magyar-vilmos","status":"publish","type":"product","link":"https:\/\/uj.adatbank.ro\/lexikon\/termek\/magyar-vilmos\/","title":{"rendered":"MAGYAR Vilmos"},"content":{"rendered":"<p>Balasagyarmat, 1873., \u2020 ? : \u00e9p\u00edt\u00e9sz. \u2013 Mv.-en az els\u0151 szecesszi\u00f3s \u00e9p\u00fcletet a haj\u00f3sk\u00f6zi Agr\u00e1r- takar\u00e9kp\u00e9nzt\u00e1rt tervezte. <br \/><strong>Irod.:<\/strong> Moln\u00e1r<\/br><\/p>\n","protected":false},"excerpt":{"rendered":"<p>Balasagyarmat, 1873., \u2020 ? : \u00e9p\u00edt\u00e9sz. \u2013 Mv.-en az els\u0151 szecesszi\u00f3s \u00e9p\u00fcletet a haj\u00f3sk\u00f6zi Agr\u00e1r- takar\u00e9kp\u00e9nzt\u00e1rt tervezte. Irod.: Moln\u00e1r<\/p>\n","protected":false},"featured_media":0,"comment_status":"open","ping_status":"closed","template":"","meta":[],"product_brand":[],"product_cat":[137],"product_tag":[],"class_list":{"0":"post-14293","1":"product","2":"type-product","3":"status-publish","5":"product_cat-maros-megyei-eletrajzi-lexikon","7":"first","8":"instock","9":"shipping-taxable","10":"product-type-simple"},"_links":{"self":[{"href":"https:\/\/uj.adatbank.ro\/lexikon\/wp-json\/wp\/v2\/product\/14293","targetHints":{"allow":["GET"]}}],"collection":[{"href":"https:\/\/uj.adatbank.ro\/lexikon\/wp-json\/wp\/v2\/product"}],"about":[{"href":"https:\/\/uj.adatbank.ro\/lexikon\/wp-json\/wp\/v2\/types\/product"}],"replies":[{"embeddable":true,"href":"https:\/\/uj.adatbank.ro\/lexikon\/wp-json\/wp\/v2\/comments?post=14293"}],"wp:attachment":[{"href":"https:\/\/uj.adatbank.ro\/lexikon\/wp-json\/wp\/v2\/media?parent=14293"}],"wp:term":[{"taxonomy":"product_brand","embeddable":true,"href":"https:\/\/uj.adatbank.ro\/lexikon\/wp-json\/wp\/v2\/product_brand?post=14293"},{"taxonomy":"product_cat","embeddable":true,"href":"https:\/\/uj.adatbank.ro\/lexikon\/wp-json\/wp\/v2\/product_cat?post=14293"},{"taxonomy":"product_tag","embeddable":true,"href":"https:\/\/uj.adatbank.ro\/lexikon\/wp-json\/wp\/v2\/product_tag?post=14293"}],"curies":[{"name":"wp","href":"https:\/\/api.w.org\/{rel}","templated":true}]}}