{"id":14295,"date":"2025-07-15T12:57:03","date_gmt":"2025-07-15T10:57:03","guid":{"rendered":"https:\/\/uj.adatbank.ro\/lexikon\/termek\/magyari-albert\/"},"modified":"2025-07-15T12:57:03","modified_gmt":"2025-07-15T10:57:03","slug":"magyari-albert","status":"publish","type":"product","link":"https:\/\/uj.adatbank.ro\/lexikon\/termek\/magyari-albert\/","title":{"rendered":"MAGYARI Albert"},"content":{"rendered":"<p>Sz\u00e9kelyk\u00e1l, 1883., \u2020\u00a0?: tan\u00edt\u00f3. \u2013 Iskol\u00e1it Mv.-en \u00e9s Nagyenyeden v\u00e9gezte, tan\u00edt\u00f3i diplom\u00e1t szerzett (1903). Tan\u00edtott Backamadarason, Sz\u00e9kelyber\u00e9ben, H\u00e1tszegen, Mv.-en majd G\u00f6demesterh\u00e1z\u00e1ra ker\u00fclt.Minden hazafias \u00e9s kultur\u00e1lis egyes\u00fclet m\u0171k\u00f6d\u00e9s\u00e9ben r\u00e9szt vett. <br \/><strong>Irod.:<\/strong> Sz\u00e9kelyf\u00f6ld \u00ed.k.<\/br><\/p>\n","protected":false},"excerpt":{"rendered":"<p>Sz\u00e9kelyk\u00e1l, 1883., \u2020\u00a0?: tan\u00edt\u00f3. \u2013 Iskol\u00e1it Mv.-en \u00e9s Nagyenyeden v\u00e9gezte, tan\u00edt\u00f3i diplom\u00e1t szerzett (1903). Tan\u00edtott Backamadarason, Sz\u00e9kelyber\u00e9ben, H\u00e1tszegen, Mv.-en majd G\u00f6demesterh\u00e1z\u00e1ra ker\u00fclt.Minden hazafias \u00e9s kultur\u00e1lis egyes\u00fclet m\u0171k\u00f6d\u00e9s\u00e9ben r\u00e9szt vett. Irod.: Sz\u00e9kelyf\u00f6ld \u00ed.k.<\/p>\n","protected":false},"featured_media":0,"comment_status":"open","ping_status":"closed","template":"","meta":[],"product_brand":[],"product_cat":[137],"product_tag":[],"class_list":{"0":"post-14295","1":"product","2":"type-product","3":"status-publish","5":"product_cat-maros-megyei-eletrajzi-lexikon","7":"first","8":"instock","9":"shipping-taxable","10":"product-type-simple"},"_links":{"self":[{"href":"https:\/\/uj.adatbank.ro\/lexikon\/wp-json\/wp\/v2\/product\/14295","targetHints":{"allow":["GET"]}}],"collection":[{"href":"https:\/\/uj.adatbank.ro\/lexikon\/wp-json\/wp\/v2\/product"}],"about":[{"href":"https:\/\/uj.adatbank.ro\/lexikon\/wp-json\/wp\/v2\/types\/product"}],"replies":[{"embeddable":true,"href":"https:\/\/uj.adatbank.ro\/lexikon\/wp-json\/wp\/v2\/comments?post=14295"}],"wp:attachment":[{"href":"https:\/\/uj.adatbank.ro\/lexikon\/wp-json\/wp\/v2\/media?parent=14295"}],"wp:term":[{"taxonomy":"product_brand","embeddable":true,"href":"https:\/\/uj.adatbank.ro\/lexikon\/wp-json\/wp\/v2\/product_brand?post=14295"},{"taxonomy":"product_cat","embeddable":true,"href":"https:\/\/uj.adatbank.ro\/lexikon\/wp-json\/wp\/v2\/product_cat?post=14295"},{"taxonomy":"product_tag","embeddable":true,"href":"https:\/\/uj.adatbank.ro\/lexikon\/wp-json\/wp\/v2\/product_tag?post=14295"}],"curies":[{"name":"wp","href":"https:\/\/api.w.org\/{rel}","templated":true}]}}