{"id":14300,"date":"2025-07-15T12:57:13","date_gmt":"2025-07-15T10:57:13","guid":{"rendered":"https:\/\/uj.adatbank.ro\/lexikon\/termek\/magyari-daniel\/"},"modified":"2025-07-15T12:57:13","modified_gmt":"2025-07-15T10:57:13","slug":"magyari-daniel","status":"publish","type":"product","link":"https:\/\/uj.adatbank.ro\/lexikon\/termek\/magyari-daniel\/","title":{"rendered":"MAGYARI D\u00e1niel"},"content":{"rendered":"<p>?. \u2020 ?: ref. lelk\u00e9sz. \u2013 Sz\u00e9kelykakasdi ref. lelk\u00e9sz (1897\u20131900). <br \/><strong>Irod.:<\/strong> Asztalos 1998; Gy\u00e1szjelent\u0151; Sz\u00e9kelykakasd<\/br><\/p>\n","protected":false},"excerpt":{"rendered":"<p>?. \u2020 ?: ref. lelk\u00e9sz. \u2013 Sz\u00e9kelykakasdi ref. lelk\u00e9sz (1897\u20131900). Irod.: Asztalos 1998; Gy\u00e1szjelent\u0151; Sz\u00e9kelykakasd<\/p>\n","protected":false},"featured_media":0,"comment_status":"open","ping_status":"closed","template":"","meta":[],"product_brand":[],"product_cat":[137],"product_tag":[],"class_list":{"0":"post-14300","1":"product","2":"type-product","3":"status-publish","5":"product_cat-maros-megyei-eletrajzi-lexikon","7":"first","8":"instock","9":"shipping-taxable","10":"product-type-simple"},"_links":{"self":[{"href":"https:\/\/uj.adatbank.ro\/lexikon\/wp-json\/wp\/v2\/product\/14300","targetHints":{"allow":["GET"]}}],"collection":[{"href":"https:\/\/uj.adatbank.ro\/lexikon\/wp-json\/wp\/v2\/product"}],"about":[{"href":"https:\/\/uj.adatbank.ro\/lexikon\/wp-json\/wp\/v2\/types\/product"}],"replies":[{"embeddable":true,"href":"https:\/\/uj.adatbank.ro\/lexikon\/wp-json\/wp\/v2\/comments?post=14300"}],"wp:attachment":[{"href":"https:\/\/uj.adatbank.ro\/lexikon\/wp-json\/wp\/v2\/media?parent=14300"}],"wp:term":[{"taxonomy":"product_brand","embeddable":true,"href":"https:\/\/uj.adatbank.ro\/lexikon\/wp-json\/wp\/v2\/product_brand?post=14300"},{"taxonomy":"product_cat","embeddable":true,"href":"https:\/\/uj.adatbank.ro\/lexikon\/wp-json\/wp\/v2\/product_cat?post=14300"},{"taxonomy":"product_tag","embeddable":true,"href":"https:\/\/uj.adatbank.ro\/lexikon\/wp-json\/wp\/v2\/product_tag?post=14300"}],"curies":[{"name":"wp","href":"https:\/\/api.w.org\/{rel}","templated":true}]}}