{"id":14301,"date":"2025-07-15T12:57:14","date_gmt":"2025-07-15T10:57:14","guid":{"rendered":"https:\/\/uj.adatbank.ro\/lexikon\/termek\/magyari-denes\/"},"modified":"2025-07-15T12:57:14","modified_gmt":"2025-07-15T10:57:14","slug":"magyari-denes","status":"publish","type":"product","link":"https:\/\/uj.adatbank.ro\/lexikon\/termek\/magyari-denes\/","title":{"rendered":"MAGYARI D\u00e9nes"},"content":{"rendered":"<p>Sz\u00e9kelyk\u00e1l, 1885., \u2020\u00a0?: gazd\u00e1lkod\u00f3. \u2013 \u00d6n\u00e1ll\u00f3 gazda (1907\u2013) 70 holdas birtok\u00e1n korszer\u0171 gazd\u00e1lkod\u00e1st folytatott. A ref. egyh\u00e1z presbitere, gondnoka, a k\u00f6zs\u00e9g bir\u00f3ja, minden hazafias \u00e9s kultur\u00e1lis egyes\u00fclet t\u00e1mogat\u00f3ja volt. Az els\u0151 vh.-ban a 12. hegyi t\u0171z\u00e9rezredben a szerb, olasz, orosz, rom\u00e1n fronton harcolt, mint szakaszvezet\u0151 szerelt le. <br \/><strong>Irod.:<\/strong> Sz\u00e9kelyf\u00f6ld \u00ed.k.<\/br><\/p>\n","protected":false},"excerpt":{"rendered":"<p>Sz\u00e9kelyk\u00e1l, 1885., \u2020\u00a0?: gazd\u00e1lkod\u00f3. \u2013 \u00d6n\u00e1ll\u00f3 gazda (1907\u2013) 70 holdas birtok\u00e1n korszer\u0171 gazd\u00e1lkod\u00e1st folytatott. A ref. egyh\u00e1z presbitere, gondnoka, a k\u00f6zs\u00e9g bir\u00f3ja, minden hazafias \u00e9s kultur\u00e1lis egyes\u00fclet t\u00e1mogat\u00f3ja volt. Az els\u0151 vh.-ban a 12. hegyi t\u0171z\u00e9rezredben a szerb, olasz, orosz, rom\u00e1n fronton harcolt, mint szakaszvezet\u0151 szerelt le. Irod.: Sz\u00e9kelyf\u00f6ld \u00ed.k.<\/p>\n","protected":false},"featured_media":0,"comment_status":"open","ping_status":"closed","template":"","meta":[],"product_brand":[],"product_cat":[137],"product_tag":[],"class_list":{"0":"post-14301","1":"product","2":"type-product","3":"status-publish","5":"product_cat-maros-megyei-eletrajzi-lexikon","7":"first","8":"instock","9":"shipping-taxable","10":"product-type-simple"},"_links":{"self":[{"href":"https:\/\/uj.adatbank.ro\/lexikon\/wp-json\/wp\/v2\/product\/14301","targetHints":{"allow":["GET"]}}],"collection":[{"href":"https:\/\/uj.adatbank.ro\/lexikon\/wp-json\/wp\/v2\/product"}],"about":[{"href":"https:\/\/uj.adatbank.ro\/lexikon\/wp-json\/wp\/v2\/types\/product"}],"replies":[{"embeddable":true,"href":"https:\/\/uj.adatbank.ro\/lexikon\/wp-json\/wp\/v2\/comments?post=14301"}],"wp:attachment":[{"href":"https:\/\/uj.adatbank.ro\/lexikon\/wp-json\/wp\/v2\/media?parent=14301"}],"wp:term":[{"taxonomy":"product_brand","embeddable":true,"href":"https:\/\/uj.adatbank.ro\/lexikon\/wp-json\/wp\/v2\/product_brand?post=14301"},{"taxonomy":"product_cat","embeddable":true,"href":"https:\/\/uj.adatbank.ro\/lexikon\/wp-json\/wp\/v2\/product_cat?post=14301"},{"taxonomy":"product_tag","embeddable":true,"href":"https:\/\/uj.adatbank.ro\/lexikon\/wp-json\/wp\/v2\/product_tag?post=14301"}],"curies":[{"name":"wp","href":"https:\/\/api.w.org\/{rel}","templated":true}]}}