{"id":14303,"date":"2025-07-15T12:57:17","date_gmt":"2025-07-15T10:57:17","guid":{"rendered":"https:\/\/uj.adatbank.ro\/lexikon\/termek\/magyari-ferenc\/"},"modified":"2025-07-15T12:57:17","modified_gmt":"2025-07-15T10:57:17","slug":"magyari-ferenc","status":"publish","type":"product","link":"https:\/\/uj.adatbank.ro\/lexikon\/termek\/magyari-ferenc\/","title":{"rendered":"MAGYARI Ferenc"},"content":{"rendered":"<p>Sz\u00e9kelyb\u0151, 1916, \u2020 ? : a 21. husz\u00e1r z\u00e1szl\u00f3alj, \u00e1rk\u00e1sz honv\u00e9dje. Gr\u00e1nitszil\u00e1nk \u00e9rte h\u00e1t\u00e1n \u00e9s jobb kez\u00e9n (1944.szept.7.), m\u00e1s adatot nem ismer\u00fcnk r\u00f3la. <br \/><strong>Irod.:<\/strong> Papp.-Szente<\/br><\/p>\n","protected":false},"excerpt":{"rendered":"<p>Sz\u00e9kelyb\u0151, 1916, \u2020 ? : a 21. husz\u00e1r z\u00e1szl\u00f3alj, \u00e1rk\u00e1sz honv\u00e9dje. Gr\u00e1nitszil\u00e1nk \u00e9rte h\u00e1t\u00e1n \u00e9s jobb kez\u00e9n (1944.szept.7.), m\u00e1s adatot nem ismer\u00fcnk r\u00f3la. Irod.: Papp.-Szente<\/p>\n","protected":false},"featured_media":0,"comment_status":"open","ping_status":"closed","template":"","meta":[],"product_brand":[],"product_cat":[137],"product_tag":[],"class_list":{"0":"post-14303","1":"product","2":"type-product","3":"status-publish","5":"product_cat-maros-megyei-eletrajzi-lexikon","7":"first","8":"instock","9":"shipping-taxable","10":"product-type-simple"},"_links":{"self":[{"href":"https:\/\/uj.adatbank.ro\/lexikon\/wp-json\/wp\/v2\/product\/14303","targetHints":{"allow":["GET"]}}],"collection":[{"href":"https:\/\/uj.adatbank.ro\/lexikon\/wp-json\/wp\/v2\/product"}],"about":[{"href":"https:\/\/uj.adatbank.ro\/lexikon\/wp-json\/wp\/v2\/types\/product"}],"replies":[{"embeddable":true,"href":"https:\/\/uj.adatbank.ro\/lexikon\/wp-json\/wp\/v2\/comments?post=14303"}],"wp:attachment":[{"href":"https:\/\/uj.adatbank.ro\/lexikon\/wp-json\/wp\/v2\/media?parent=14303"}],"wp:term":[{"taxonomy":"product_brand","embeddable":true,"href":"https:\/\/uj.adatbank.ro\/lexikon\/wp-json\/wp\/v2\/product_brand?post=14303"},{"taxonomy":"product_cat","embeddable":true,"href":"https:\/\/uj.adatbank.ro\/lexikon\/wp-json\/wp\/v2\/product_cat?post=14303"},{"taxonomy":"product_tag","embeddable":true,"href":"https:\/\/uj.adatbank.ro\/lexikon\/wp-json\/wp\/v2\/product_tag?post=14303"}],"curies":[{"name":"wp","href":"https:\/\/api.w.org\/{rel}","templated":true}]}}