{"id":14304,"date":"2025-07-15T12:57:19","date_gmt":"2025-07-15T10:57:19","guid":{"rendered":"https:\/\/uj.adatbank.ro\/lexikon\/termek\/magyari-gergely\/"},"modified":"2025-07-15T12:57:19","modified_gmt":"2025-07-15T10:57:19","slug":"magyari-gergely","status":"publish","type":"product","link":"https:\/\/uj.adatbank.ro\/lexikon\/termek\/magyari-gergely\/","title":{"rendered":"MAGYARI Gergely"},"content":{"rendered":"<p>Jedd, 1936. febr. 17., \u2020 Mv., 1998. nov. 2.: sz\u00ednm\u0171v\u00e9sz. \u2013 Jedden az \u00e1ltal\u00e1nos iskola tanul\u00f3ja (1943\u201350), Mv.-en az esti l\u00edc.-ban tanult (1952\u201356), ugyanakkor g\u00e9plakatosk\u00e9nt dolgozott; a Szentgy\u00f6rgyi Istv\u00e1n Sz\u00ednm\u0171v\u00e9szeti Int\u00e9zetben szerzett oklevelet (1956\u201360). A mv.-i sz\u00ednh\u00e1z m\u0171v\u00e9sze (1960\u201385), a r\u00e1di\u00f3 munkat\u00e1rsa (1960\u201385); az RTV m. ad\u00e1saiban is szerepelt (1975\u201385). Karakter- \u00e9s epiz\u00f3dszerepeket j\u00e1tszott groteszk humorral. \u2013 F.sz. : Ludas Matyi (M\u00f3ricz Zs.- Fazakas M.: Ludas Matyi , 1960\u201368); Aljosa pilota n\u00f6vend\u00e9k (A.Gladkov: Szilveszter, 1959); Romeo, riporter, Vii\u015foru szerkeszt\u0151 (A. Mirodan: \u00dajs\u00e1g\u00edr\u00f3k, 1961) A. Abruzov: Irkutszki t\u00f6rt\u00e9net (1962); Bucsenko (Trenyov: Gimnazist\u00e1k, 1963); Krist\u00f3f (Shaw: Az \u00f6rd\u00f6g cimbor\u00e1ja, 1963); Tam\u00e1s (Cs\u00edky Gergely: Bubor\u00e9kok, 1967); Post\u00e1s (\u00d6rk\u00e9ny Istv\u00e1n: T\u00f3t\u00e9k, 1968); Etienne (Feydeau: Osztrig\u00e1s Mici , 1970); Moirron (Bulgakov: K\u00e9pmutat\u00f3k cselsz\u00f6v\u00e9se, 1973); Cs\u00e1k Jani (M\u00f3ricz: Kismad\u00e1r, 1975); V\u00e9d\u0151 (O\u2019Casey \u2013 Brecht: \u00c1ll\u00edts\u00e1tok meg Arturo Uit, 1976); Pedellus (M\u00f3ricz: L\u00e9gy j\u00f3 mindhal\u00e1lig, 1977); Lerma gr\u00f3f (Schiller: Don Carlos, 1977); Ortansa apja (Mazilu T.: Balg\u00e1k holdf\u00e9nyben, 1979); Alban herceg (Shakespeare: Lear kir\u00e1ly, 1980); G\u00f6re G\u00e1bor (G\u00e1rdonyi: A bor , 1980); Tiborc (Katona: B\u00e1nk b\u00e1n, 1981); Darlot szindikus (S\u00fct\u0151: Csillag a m\u00e1gly\u00e1n, 1982); Lajoska (M\u00e9hes Gy. : Duplakanyar, 1982); Curly (Steinbeck : Egerek \u00e9s emberek, 1983); T\u00f6mpe Ambr\u00f3 (Ters\u00e1nszky J\u00f3zsi Jen\u0151: Kakukk Marci, 1984); Borgida \u00far (Sz\u00e9p Ern\u0151: Patika, 1984); Vir\u00e1g \u00far (Tam\u00e1si \u00c1ron: Csal\u00f3ka sziv\u00e1rv\u00e1ny, 1986); Theramen\u00e9sz (Racine: Phaedra, 1987); Medvegyev (Gorkij : \u00c9jjeli mened\u00e9khely, 1989); Joszip Zeljics (Kusan I. : Gal\u00f3cza, 1990); Hulla J\u00e1nos (M\u00f3ricz : \u00dari muri, 1990); K\u00e1leb (Mad\u00e1ch: M\u00f3zes, 1990); Othm\u00e1r (Sz\u00e9kely J\u00e1nos: Vak B\u00e9la, 1991). <br \/><strong>Irod.:<\/strong> B\u00e9rczes; B\u00facs\u00fazunk M. G.-t\u0151l (N\u00fa., 1998. nov. 4.); A H\u00e9t \u00c9vk. (1982); Horv\u00e1th Bea; Katona Szab\u00f3 Istv\u00e1n: Az \u00daj \u00c9let lexikona, 101. (\u00daj \u00c9let, 17. sz. 1974.), KKACs; Kov\u00e1cs Levente; Kusz\u00e1lik; MSZL<\/br><\/p>\n","protected":false},"excerpt":{"rendered":"<p>Jedd, 1936. febr. 17., \u2020 Mv., 1998. nov. 2.: sz\u00ednm\u0171v\u00e9sz. \u2013 Jedden az \u00e1ltal\u00e1nos iskola tanul\u00f3ja (1943\u201350), Mv.-en az esti l\u00edc.-ban tanult (1952\u201356), ugyanakkor g\u00e9plakatosk\u00e9nt dolgozott; a Szentgy\u00f6rgyi Istv\u00e1n Sz\u00ednm\u0171v\u00e9szeti Int\u00e9zetben szerzett oklevelet (1956\u201360). A mv.-i sz\u00ednh\u00e1z m\u0171v\u00e9sze (1960\u201385), a r\u00e1di\u00f3 munkat\u00e1rsa (1960\u201385); az RTV m. ad\u00e1saiban is szerepelt (1975\u201385). Karakter- \u00e9s epiz\u00f3dszerepeket j\u00e1tszott groteszk [&hellip;]<\/p>\n","protected":false},"featured_media":0,"comment_status":"open","ping_status":"closed","template":"","meta":[],"product_brand":[],"product_cat":[137],"product_tag":[],"class_list":{"0":"post-14304","1":"product","2":"type-product","3":"status-publish","5":"product_cat-maros-megyei-eletrajzi-lexikon","7":"first","8":"instock","9":"shipping-taxable","10":"product-type-simple"},"_links":{"self":[{"href":"https:\/\/uj.adatbank.ro\/lexikon\/wp-json\/wp\/v2\/product\/14304","targetHints":{"allow":["GET"]}}],"collection":[{"href":"https:\/\/uj.adatbank.ro\/lexikon\/wp-json\/wp\/v2\/product"}],"about":[{"href":"https:\/\/uj.adatbank.ro\/lexikon\/wp-json\/wp\/v2\/types\/product"}],"replies":[{"embeddable":true,"href":"https:\/\/uj.adatbank.ro\/lexikon\/wp-json\/wp\/v2\/comments?post=14304"}],"wp:attachment":[{"href":"https:\/\/uj.adatbank.ro\/lexikon\/wp-json\/wp\/v2\/media?parent=14304"}],"wp:term":[{"taxonomy":"product_brand","embeddable":true,"href":"https:\/\/uj.adatbank.ro\/lexikon\/wp-json\/wp\/v2\/product_brand?post=14304"},{"taxonomy":"product_cat","embeddable":true,"href":"https:\/\/uj.adatbank.ro\/lexikon\/wp-json\/wp\/v2\/product_cat?post=14304"},{"taxonomy":"product_tag","embeddable":true,"href":"https:\/\/uj.adatbank.ro\/lexikon\/wp-json\/wp\/v2\/product_tag?post=14304"}],"curies":[{"name":"wp","href":"https:\/\/api.w.org\/{rel}","templated":true}]}}