{"id":14305,"date":"2025-07-15T12:57:23","date_gmt":"2025-07-15T10:57:23","guid":{"rendered":"https:\/\/uj.adatbank.ro\/lexikon\/termek\/magyari-gero\/"},"modified":"2025-07-15T12:57:23","modified_gmt":"2025-07-15T10:57:23","slug":"magyari-gero","status":"publish","type":"product","link":"https:\/\/uj.adatbank.ro\/lexikon\/termek\/magyari-gero\/","title":{"rendered":"MAGYARI Ger\u0151"},"content":{"rendered":"<p>Jedd, 1883., \u2020 ? : ref. k\u00e1ntor-tan\u00edt\u00f3. \u2013 K\u00f6z\u00e9piskol\u00e1t Mv.-en, tan\u00edt\u00f3k\u00e9pz\u0151t Nagyenyeden v\u00e9gzett. Csejden volt tan\u00edt\u00f3 (1905\u201322), majd Jedden nyugd\u00edjaz\u00e1s\u00e1ig (1942). Az I. vh.-ban katonai szolg\u00e1latot teljes\u00edtett (\u20131917). <br \/><strong>Irod.:<\/strong> Csejd \u2013T\u00f3falva; Erd\u00e9lyi v\u00e1rmegy\u00e9k<\/br><\/p>\n","protected":false},"excerpt":{"rendered":"<p>Jedd, 1883., \u2020 ? : ref. k\u00e1ntor-tan\u00edt\u00f3. \u2013 K\u00f6z\u00e9piskol\u00e1t Mv.-en, tan\u00edt\u00f3k\u00e9pz\u0151t Nagyenyeden v\u00e9gzett. Csejden volt tan\u00edt\u00f3 (1905\u201322), majd Jedden nyugd\u00edjaz\u00e1s\u00e1ig (1942). Az I. vh.-ban katonai szolg\u00e1latot teljes\u00edtett (\u20131917). Irod.: Csejd \u2013T\u00f3falva; Erd\u00e9lyi v\u00e1rmegy\u00e9k<\/p>\n","protected":false},"featured_media":0,"comment_status":"open","ping_status":"closed","template":"","meta":[],"product_brand":[],"product_cat":[137],"product_tag":[],"class_list":{"0":"post-14305","1":"product","2":"type-product","3":"status-publish","5":"product_cat-maros-megyei-eletrajzi-lexikon","7":"first","8":"instock","9":"shipping-taxable","10":"product-type-simple"},"_links":{"self":[{"href":"https:\/\/uj.adatbank.ro\/lexikon\/wp-json\/wp\/v2\/product\/14305","targetHints":{"allow":["GET"]}}],"collection":[{"href":"https:\/\/uj.adatbank.ro\/lexikon\/wp-json\/wp\/v2\/product"}],"about":[{"href":"https:\/\/uj.adatbank.ro\/lexikon\/wp-json\/wp\/v2\/types\/product"}],"replies":[{"embeddable":true,"href":"https:\/\/uj.adatbank.ro\/lexikon\/wp-json\/wp\/v2\/comments?post=14305"}],"wp:attachment":[{"href":"https:\/\/uj.adatbank.ro\/lexikon\/wp-json\/wp\/v2\/media?parent=14305"}],"wp:term":[{"taxonomy":"product_brand","embeddable":true,"href":"https:\/\/uj.adatbank.ro\/lexikon\/wp-json\/wp\/v2\/product_brand?post=14305"},{"taxonomy":"product_cat","embeddable":true,"href":"https:\/\/uj.adatbank.ro\/lexikon\/wp-json\/wp\/v2\/product_cat?post=14305"},{"taxonomy":"product_tag","embeddable":true,"href":"https:\/\/uj.adatbank.ro\/lexikon\/wp-json\/wp\/v2\/product_tag?post=14305"}],"curies":[{"name":"wp","href":"https:\/\/api.w.org\/{rel}","templated":true}]}}