{"id":14306,"date":"2025-07-15T12:57:24","date_gmt":"2025-07-15T10:57:24","guid":{"rendered":"https:\/\/uj.adatbank.ro\/lexikon\/termek\/magyari-gyorgy\/"},"modified":"2025-07-15T12:57:24","modified_gmt":"2025-07-15T10:57:24","slug":"magyari-gyorgy","status":"publish","type":"product","link":"https:\/\/uj.adatbank.ro\/lexikon\/termek\/magyari-gyorgy\/","title":{"rendered":"MAGYARI Gy\u00f6rgy"},"content":{"rendered":"<p>Teremi\u00fajfalu, 1905. jan.15., \u2020\u00a0?: gazd\u00e1lkod\u00f3. \u2013 Letart\u00f3ztatt\u00e1k (1958.m\u00e1rc.17.) \u00e9s a MAT Katonai T\u00f6rv\u00e9nysz\u00e9ke Kov\u00e1cs K\u00e1roly jehovista csoportj\u00e1ban helyezte v\u00e1d al\u00e1. <br \/><strong>Irod.:<\/strong> 1956 Erd\u00e9lyben<\/br><\/p>\n","protected":false},"excerpt":{"rendered":"<p>Teremi\u00fajfalu, 1905. jan.15., \u2020\u00a0?: gazd\u00e1lkod\u00f3. \u2013 Letart\u00f3ztatt\u00e1k (1958.m\u00e1rc.17.) \u00e9s a MAT Katonai T\u00f6rv\u00e9nysz\u00e9ke Kov\u00e1cs K\u00e1roly jehovista csoportj\u00e1ban helyezte v\u00e1d al\u00e1. Irod.: 1956 Erd\u00e9lyben<\/p>\n","protected":false},"featured_media":0,"comment_status":"open","ping_status":"closed","template":"","meta":[],"product_brand":[],"product_cat":[137],"product_tag":[],"class_list":{"0":"post-14306","1":"product","2":"type-product","3":"status-publish","5":"product_cat-maros-megyei-eletrajzi-lexikon","7":"first","8":"instock","9":"shipping-taxable","10":"product-type-simple"},"_links":{"self":[{"href":"https:\/\/uj.adatbank.ro\/lexikon\/wp-json\/wp\/v2\/product\/14306","targetHints":{"allow":["GET"]}}],"collection":[{"href":"https:\/\/uj.adatbank.ro\/lexikon\/wp-json\/wp\/v2\/product"}],"about":[{"href":"https:\/\/uj.adatbank.ro\/lexikon\/wp-json\/wp\/v2\/types\/product"}],"replies":[{"embeddable":true,"href":"https:\/\/uj.adatbank.ro\/lexikon\/wp-json\/wp\/v2\/comments?post=14306"}],"wp:attachment":[{"href":"https:\/\/uj.adatbank.ro\/lexikon\/wp-json\/wp\/v2\/media?parent=14306"}],"wp:term":[{"taxonomy":"product_brand","embeddable":true,"href":"https:\/\/uj.adatbank.ro\/lexikon\/wp-json\/wp\/v2\/product_brand?post=14306"},{"taxonomy":"product_cat","embeddable":true,"href":"https:\/\/uj.adatbank.ro\/lexikon\/wp-json\/wp\/v2\/product_cat?post=14306"},{"taxonomy":"product_tag","embeddable":true,"href":"https:\/\/uj.adatbank.ro\/lexikon\/wp-json\/wp\/v2\/product_tag?post=14306"}],"curies":[{"name":"wp","href":"https:\/\/api.w.org\/{rel}","templated":true}]}}