{"id":14307,"date":"2025-07-15T12:57:26","date_gmt":"2025-07-15T10:57:26","guid":{"rendered":"https:\/\/uj.adatbank.ro\/lexikon\/termek\/magyari-gyula-kalman\/"},"modified":"2025-07-15T12:57:26","modified_gmt":"2025-07-15T10:57:26","slug":"magyari-gyula-kalman","status":"publish","type":"product","link":"https:\/\/uj.adatbank.ro\/lexikon\/termek\/magyari-gyula-kalman\/","title":{"rendered":"MAGYARI Gyula K\u00e1lm\u00e1n"},"content":{"rendered":"<p>Mv., 1900. j\u00fal. 7. \u2020 ? : katonatiszt. \u2013 A II. vh.-ban hadnagy a magyar hadsereg kv.-i 9. hadtest\u00e9n\u00e9l, amellyel r\u00e9szt vett a keleti hadj\u00e1rtban (1941). Szovjet fogs\u00e1gba esett. <br \/><strong>Irod.:<\/strong> Reghin, militari<\/br><\/p>\n","protected":false},"excerpt":{"rendered":"<p>Mv., 1900. j\u00fal. 7. \u2020 ? : katonatiszt. \u2013 A II. vh.-ban hadnagy a magyar hadsereg kv.-i 9. hadtest\u00e9n\u00e9l, amellyel r\u00e9szt vett a keleti hadj\u00e1rtban (1941). Szovjet fogs\u00e1gba esett. Irod.: Reghin, militari<\/p>\n","protected":false},"featured_media":0,"comment_status":"open","ping_status":"closed","template":"","meta":[],"product_brand":[],"product_cat":[137],"product_tag":[],"class_list":{"0":"post-14307","1":"product","2":"type-product","3":"status-publish","5":"product_cat-maros-megyei-eletrajzi-lexikon","7":"first","8":"instock","9":"shipping-taxable","10":"product-type-simple"},"_links":{"self":[{"href":"https:\/\/uj.adatbank.ro\/lexikon\/wp-json\/wp\/v2\/product\/14307","targetHints":{"allow":["GET"]}}],"collection":[{"href":"https:\/\/uj.adatbank.ro\/lexikon\/wp-json\/wp\/v2\/product"}],"about":[{"href":"https:\/\/uj.adatbank.ro\/lexikon\/wp-json\/wp\/v2\/types\/product"}],"replies":[{"embeddable":true,"href":"https:\/\/uj.adatbank.ro\/lexikon\/wp-json\/wp\/v2\/comments?post=14307"}],"wp:attachment":[{"href":"https:\/\/uj.adatbank.ro\/lexikon\/wp-json\/wp\/v2\/media?parent=14307"}],"wp:term":[{"taxonomy":"product_brand","embeddable":true,"href":"https:\/\/uj.adatbank.ro\/lexikon\/wp-json\/wp\/v2\/product_brand?post=14307"},{"taxonomy":"product_cat","embeddable":true,"href":"https:\/\/uj.adatbank.ro\/lexikon\/wp-json\/wp\/v2\/product_cat?post=14307"},{"taxonomy":"product_tag","embeddable":true,"href":"https:\/\/uj.adatbank.ro\/lexikon\/wp-json\/wp\/v2\/product_tag?post=14307"}],"curies":[{"name":"wp","href":"https:\/\/api.w.org\/{rel}","templated":true}]}}