{"id":14309,"date":"2025-07-15T12:57:29","date_gmt":"2025-07-15T10:57:29","guid":{"rendered":"https:\/\/uj.adatbank.ro\/lexikon\/termek\/magyari-istvan-2\/"},"modified":"2025-07-15T12:57:29","modified_gmt":"2025-07-15T10:57:29","slug":"magyari-istvan-2","status":"publish","type":"product","link":"https:\/\/uj.adatbank.ro\/lexikon\/termek\/magyari-istvan-2\/","title":{"rendered":"MAGYARI Istv\u00e1n"},"content":{"rendered":"<p>? \u2020 ?: r. k.lelk\u00e9sz, esperes. \u2013 \u00c1d\u00e1moson esperes (1661-ig), Szenth\u00e1roms\u00e1gon (1666\u2013), Torock\u00f3szentgy\u00f6rgy\u00f6n (1670\u2013) \u00e9s Tord\u00e1n (1684\u2013) szolg\u00e1lt. <br \/><strong>Irod.:<\/strong> Kelemen<\/br><\/p>\n","protected":false},"excerpt":{"rendered":"<p>? \u2020 ?: r. k.lelk\u00e9sz, esperes. \u2013 \u00c1d\u00e1moson esperes (1661-ig), Szenth\u00e1roms\u00e1gon (1666\u2013), Torock\u00f3szentgy\u00f6rgy\u00f6n (1670\u2013) \u00e9s Tord\u00e1n (1684\u2013) szolg\u00e1lt. Irod.: Kelemen<\/p>\n","protected":false},"featured_media":0,"comment_status":"open","ping_status":"closed","template":"","meta":[],"product_brand":[],"product_cat":[137],"product_tag":[],"class_list":{"0":"post-14309","1":"product","2":"type-product","3":"status-publish","5":"product_cat-maros-megyei-eletrajzi-lexikon","7":"first","8":"instock","9":"shipping-taxable","10":"product-type-simple"},"_links":{"self":[{"href":"https:\/\/uj.adatbank.ro\/lexikon\/wp-json\/wp\/v2\/product\/14309","targetHints":{"allow":["GET"]}}],"collection":[{"href":"https:\/\/uj.adatbank.ro\/lexikon\/wp-json\/wp\/v2\/product"}],"about":[{"href":"https:\/\/uj.adatbank.ro\/lexikon\/wp-json\/wp\/v2\/types\/product"}],"replies":[{"embeddable":true,"href":"https:\/\/uj.adatbank.ro\/lexikon\/wp-json\/wp\/v2\/comments?post=14309"}],"wp:attachment":[{"href":"https:\/\/uj.adatbank.ro\/lexikon\/wp-json\/wp\/v2\/media?parent=14309"}],"wp:term":[{"taxonomy":"product_brand","embeddable":true,"href":"https:\/\/uj.adatbank.ro\/lexikon\/wp-json\/wp\/v2\/product_brand?post=14309"},{"taxonomy":"product_cat","embeddable":true,"href":"https:\/\/uj.adatbank.ro\/lexikon\/wp-json\/wp\/v2\/product_cat?post=14309"},{"taxonomy":"product_tag","embeddable":true,"href":"https:\/\/uj.adatbank.ro\/lexikon\/wp-json\/wp\/v2\/product_tag?post=14309"}],"curies":[{"name":"wp","href":"https:\/\/api.w.org\/{rel}","templated":true}]}}