{"id":14312,"date":"2025-07-15T12:57:35","date_gmt":"2025-07-15T10:57:35","guid":{"rendered":"https:\/\/uj.adatbank.ro\/lexikon\/termek\/magyari-jozsef\/"},"modified":"2025-07-15T12:57:35","modified_gmt":"2025-07-15T10:57:35","slug":"magyari-jozsef","status":"publish","type":"product","link":"https:\/\/uj.adatbank.ro\/lexikon\/termek\/magyari-jozsef\/","title":{"rendered":"MAGYARI J\u00f3zsef"},"content":{"rendered":"<p>? \u2020\u00a0Abaf\u00e1ja, 1824. aug. 10.: ref. lelk\u00e9sz. \u2013 Feles\u00e9ge Imre R\u00e9hel. Mv.-en subscrib\u00e1lt (1787), a k\u00fck\u00fcll\u0151v\u00e1ri zsinaton szentelt\u00e9k papp\u00e1 (1791). Lelk\u00e9sz Uzdiszentp\u00e9teren (179i\u201394), Abaf\u00e1j\u00e1n szolg\u00e1lt hal\u00e1l\u00e1ig (1794\u20131824. aug. 10). <br \/><strong>Irod.:<\/strong> Abaf\u00e1ja; \u0150sz<\/br><\/p>\n","protected":false},"excerpt":{"rendered":"<p>? \u2020\u00a0Abaf\u00e1ja, 1824. aug. 10.: ref. lelk\u00e9sz. \u2013 Feles\u00e9ge Imre R\u00e9hel. Mv.-en subscrib\u00e1lt (1787), a k\u00fck\u00fcll\u0151v\u00e1ri zsinaton szentelt\u00e9k papp\u00e1 (1791). Lelk\u00e9sz Uzdiszentp\u00e9teren (179i\u201394), Abaf\u00e1j\u00e1n szolg\u00e1lt hal\u00e1l\u00e1ig (1794\u20131824. aug. 10). Irod.: Abaf\u00e1ja; \u0150sz<\/p>\n","protected":false},"featured_media":0,"comment_status":"open","ping_status":"closed","template":"","meta":[],"product_brand":[],"product_cat":[137],"product_tag":[],"class_list":{"0":"post-14312","1":"product","2":"type-product","3":"status-publish","5":"product_cat-maros-megyei-eletrajzi-lexikon","7":"first","8":"instock","9":"shipping-taxable","10":"product-type-simple"},"_links":{"self":[{"href":"https:\/\/uj.adatbank.ro\/lexikon\/wp-json\/wp\/v2\/product\/14312","targetHints":{"allow":["GET"]}}],"collection":[{"href":"https:\/\/uj.adatbank.ro\/lexikon\/wp-json\/wp\/v2\/product"}],"about":[{"href":"https:\/\/uj.adatbank.ro\/lexikon\/wp-json\/wp\/v2\/types\/product"}],"replies":[{"embeddable":true,"href":"https:\/\/uj.adatbank.ro\/lexikon\/wp-json\/wp\/v2\/comments?post=14312"}],"wp:attachment":[{"href":"https:\/\/uj.adatbank.ro\/lexikon\/wp-json\/wp\/v2\/media?parent=14312"}],"wp:term":[{"taxonomy":"product_brand","embeddable":true,"href":"https:\/\/uj.adatbank.ro\/lexikon\/wp-json\/wp\/v2\/product_brand?post=14312"},{"taxonomy":"product_cat","embeddable":true,"href":"https:\/\/uj.adatbank.ro\/lexikon\/wp-json\/wp\/v2\/product_cat?post=14312"},{"taxonomy":"product_tag","embeddable":true,"href":"https:\/\/uj.adatbank.ro\/lexikon\/wp-json\/wp\/v2\/product_tag?post=14312"}],"curies":[{"name":"wp","href":"https:\/\/api.w.org\/{rel}","templated":true}]}}