{"id":14313,"date":"2025-07-15T12:57:36","date_gmt":"2025-07-15T10:57:36","guid":{"rendered":"https:\/\/uj.adatbank.ro\/lexikon\/termek\/magyari-jozsef-2\/"},"modified":"2025-07-15T12:57:36","modified_gmt":"2025-07-15T10:57:36","slug":"magyari-jozsef-2","status":"publish","type":"product","link":"https:\/\/uj.adatbank.ro\/lexikon\/termek\/magyari-jozsef-2\/","title":{"rendered":"MAGYARI J\u00f3zsef"},"content":{"rendered":"<p>Sz\u00e9kelyb\u0151, 1881., \u2020\u00a0?: gazd\u00e1lkod\u00f3. \u2013 Iskol\u00e1i elv\u00e9gz\u00e9se ut\u00e1n apja mellett tanult gazd\u00e1lkodni, Mv.-en \u00f6n\u00e1ll\u00f3 gazda. A Magyar N\u00e9pk\u00f6z\u00f6ss\u00e9g, a Gazdak\u00f6r \u00e9s a Sz\u00e9kely Sz\u00e1nt\u00f3 T\u00e1rsulat tagja, v\u00e1rosi rend\u0151r is volt. <br \/><strong>Irod.:<\/strong> Sz\u00e9kelyf\u00f6ld \u00ed.k.<\/br><\/p>\n","protected":false},"excerpt":{"rendered":"<p>Sz\u00e9kelyb\u0151, 1881., \u2020\u00a0?: gazd\u00e1lkod\u00f3. \u2013 Iskol\u00e1i elv\u00e9gz\u00e9se ut\u00e1n apja mellett tanult gazd\u00e1lkodni, Mv.-en \u00f6n\u00e1ll\u00f3 gazda. A Magyar N\u00e9pk\u00f6z\u00f6ss\u00e9g, a Gazdak\u00f6r \u00e9s a Sz\u00e9kely Sz\u00e1nt\u00f3 T\u00e1rsulat tagja, v\u00e1rosi rend\u0151r is volt. Irod.: Sz\u00e9kelyf\u00f6ld \u00ed.k.<\/p>\n","protected":false},"featured_media":0,"comment_status":"open","ping_status":"closed","template":"","meta":[],"product_brand":[],"product_cat":[137],"product_tag":[],"class_list":{"0":"post-14313","1":"product","2":"type-product","3":"status-publish","5":"product_cat-maros-megyei-eletrajzi-lexikon","7":"first","8":"instock","9":"shipping-taxable","10":"product-type-simple"},"_links":{"self":[{"href":"https:\/\/uj.adatbank.ro\/lexikon\/wp-json\/wp\/v2\/product\/14313","targetHints":{"allow":["GET"]}}],"collection":[{"href":"https:\/\/uj.adatbank.ro\/lexikon\/wp-json\/wp\/v2\/product"}],"about":[{"href":"https:\/\/uj.adatbank.ro\/lexikon\/wp-json\/wp\/v2\/types\/product"}],"replies":[{"embeddable":true,"href":"https:\/\/uj.adatbank.ro\/lexikon\/wp-json\/wp\/v2\/comments?post=14313"}],"wp:attachment":[{"href":"https:\/\/uj.adatbank.ro\/lexikon\/wp-json\/wp\/v2\/media?parent=14313"}],"wp:term":[{"taxonomy":"product_brand","embeddable":true,"href":"https:\/\/uj.adatbank.ro\/lexikon\/wp-json\/wp\/v2\/product_brand?post=14313"},{"taxonomy":"product_cat","embeddable":true,"href":"https:\/\/uj.adatbank.ro\/lexikon\/wp-json\/wp\/v2\/product_cat?post=14313"},{"taxonomy":"product_tag","embeddable":true,"href":"https:\/\/uj.adatbank.ro\/lexikon\/wp-json\/wp\/v2\/product_tag?post=14313"}],"curies":[{"name":"wp","href":"https:\/\/api.w.org\/{rel}","templated":true}]}}