{"id":14315,"date":"2025-07-15T12:57:40","date_gmt":"2025-07-15T10:57:40","guid":{"rendered":"https:\/\/uj.adatbank.ro\/lexikon\/termek\/magyari-karoly\/"},"modified":"2025-07-15T12:57:40","modified_gmt":"2025-07-15T10:57:40","slug":"magyari-karoly","status":"publish","type":"product","link":"https:\/\/uj.adatbank.ro\/lexikon\/termek\/magyari-karoly\/","title":{"rendered":"MAGYARI K\u00e1roly"},"content":{"rendered":"<p>Gyergy\u00f3alfalu, 1910. \u00e1pr. 21., \u2020 Mv., 1971. j\u00fa. 7.: a p\u00e1rt \u00e9s a munk\u00e1soszt\u00e1ly aktivist\u00e1ja. \u2013 Szimpatiz\u00e1ns, aki bekapcsol\u00f3dott a p\u00e1rtmunk\u00e1ba (1945\u2013), felel\u0151s tiszts\u00e9geket t\u00f6lt\u00f6tt be a helyi p\u00e1rt- \u00e9s \u00e1llami szervekben M\u00e1ramarosszigeten, Cs\u00edkszered\u00e1ban \u00e9s Mv.-en. \u00c9rdemrendekkel \u00e9s \u00e9rmekkel t\u00fcntett\u00e9k ki. <br \/><strong>Irod.:<\/strong>. M. K. [Nekrolog] (V. Z., 1971. j\u00fal. 9.)<\/br><\/p>\n","protected":false},"excerpt":{"rendered":"<p>Gyergy\u00f3alfalu, 1910. \u00e1pr. 21., \u2020 Mv., 1971. j\u00fa. 7.: a p\u00e1rt \u00e9s a munk\u00e1soszt\u00e1ly aktivist\u00e1ja. \u2013 Szimpatiz\u00e1ns, aki bekapcsol\u00f3dott a p\u00e1rtmunk\u00e1ba (1945\u2013), felel\u0151s tiszts\u00e9geket t\u00f6lt\u00f6tt be a helyi p\u00e1rt- \u00e9s \u00e1llami szervekben M\u00e1ramarosszigeten, Cs\u00edkszered\u00e1ban \u00e9s Mv.-en. \u00c9rdemrendekkel \u00e9s \u00e9rmekkel t\u00fcntett\u00e9k ki. Irod.:. M. K. [Nekrolog] (V. Z., 1971. j\u00fal. 9.)<\/p>\n","protected":false},"featured_media":0,"comment_status":"open","ping_status":"closed","template":"","meta":[],"product_brand":[],"product_cat":[137],"product_tag":[],"class_list":{"0":"post-14315","1":"product","2":"type-product","3":"status-publish","5":"product_cat-maros-megyei-eletrajzi-lexikon","7":"first","8":"instock","9":"shipping-taxable","10":"product-type-simple"},"_links":{"self":[{"href":"https:\/\/uj.adatbank.ro\/lexikon\/wp-json\/wp\/v2\/product\/14315","targetHints":{"allow":["GET"]}}],"collection":[{"href":"https:\/\/uj.adatbank.ro\/lexikon\/wp-json\/wp\/v2\/product"}],"about":[{"href":"https:\/\/uj.adatbank.ro\/lexikon\/wp-json\/wp\/v2\/types\/product"}],"replies":[{"embeddable":true,"href":"https:\/\/uj.adatbank.ro\/lexikon\/wp-json\/wp\/v2\/comments?post=14315"}],"wp:attachment":[{"href":"https:\/\/uj.adatbank.ro\/lexikon\/wp-json\/wp\/v2\/media?parent=14315"}],"wp:term":[{"taxonomy":"product_brand","embeddable":true,"href":"https:\/\/uj.adatbank.ro\/lexikon\/wp-json\/wp\/v2\/product_brand?post=14315"},{"taxonomy":"product_cat","embeddable":true,"href":"https:\/\/uj.adatbank.ro\/lexikon\/wp-json\/wp\/v2\/product_cat?post=14315"},{"taxonomy":"product_tag","embeddable":true,"href":"https:\/\/uj.adatbank.ro\/lexikon\/wp-json\/wp\/v2\/product_tag?post=14315"}],"curies":[{"name":"wp","href":"https:\/\/api.w.org\/{rel}","templated":true}]}}