{"id":14316,"date":"2025-07-15T12:57:42","date_gmt":"2025-07-15T10:57:42","guid":{"rendered":"https:\/\/uj.adatbank.ro\/lexikon\/termek\/magyari-lajos\/"},"modified":"2025-07-15T12:57:42","modified_gmt":"2025-07-15T10:57:42","slug":"magyari-lajos","status":"publish","type":"product","link":"https:\/\/uj.adatbank.ro\/lexikon\/termek\/magyari-lajos\/","title":{"rendered":"MAGYARI Lajos"},"content":{"rendered":"<p>Fintah\u00e1za, 1895. szept. 9., \u2020 ? : ref. lelk\u00e9sz. \u2013 Seg\u00e9dlelk\u00e9sz Mv.-en, Magyardell\u0151n; Marosugr\u00e1n lelk\u00e9sz (1925\u201365); sz\u00f6vetkezeti \u00fcgyekkel is foglalkozott. <br \/><strong>Irod.:<\/strong> EM; Ogra<\/br><\/p>\n","protected":false},"excerpt":{"rendered":"<p>Fintah\u00e1za, 1895. szept. 9., \u2020 ? : ref. lelk\u00e9sz. \u2013 Seg\u00e9dlelk\u00e9sz Mv.-en, Magyardell\u0151n; Marosugr\u00e1n lelk\u00e9sz (1925\u201365); sz\u00f6vetkezeti \u00fcgyekkel is foglalkozott. Irod.: EM; Ogra<\/p>\n","protected":false},"featured_media":0,"comment_status":"open","ping_status":"closed","template":"","meta":[],"product_brand":[],"product_cat":[137],"product_tag":[],"class_list":{"0":"post-14316","1":"product","2":"type-product","3":"status-publish","5":"product_cat-maros-megyei-eletrajzi-lexikon","7":"first","8":"instock","9":"shipping-taxable","10":"product-type-simple"},"_links":{"self":[{"href":"https:\/\/uj.adatbank.ro\/lexikon\/wp-json\/wp\/v2\/product\/14316","targetHints":{"allow":["GET"]}}],"collection":[{"href":"https:\/\/uj.adatbank.ro\/lexikon\/wp-json\/wp\/v2\/product"}],"about":[{"href":"https:\/\/uj.adatbank.ro\/lexikon\/wp-json\/wp\/v2\/types\/product"}],"replies":[{"embeddable":true,"href":"https:\/\/uj.adatbank.ro\/lexikon\/wp-json\/wp\/v2\/comments?post=14316"}],"wp:attachment":[{"href":"https:\/\/uj.adatbank.ro\/lexikon\/wp-json\/wp\/v2\/media?parent=14316"}],"wp:term":[{"taxonomy":"product_brand","embeddable":true,"href":"https:\/\/uj.adatbank.ro\/lexikon\/wp-json\/wp\/v2\/product_brand?post=14316"},{"taxonomy":"product_cat","embeddable":true,"href":"https:\/\/uj.adatbank.ro\/lexikon\/wp-json\/wp\/v2\/product_cat?post=14316"},{"taxonomy":"product_tag","embeddable":true,"href":"https:\/\/uj.adatbank.ro\/lexikon\/wp-json\/wp\/v2\/product_tag?post=14316"}],"curies":[{"name":"wp","href":"https:\/\/api.w.org\/{rel}","templated":true}]}}