{"id":14317,"date":"2025-07-15T12:57:46","date_gmt":"2025-07-15T10:57:46","guid":{"rendered":"https:\/\/uj.adatbank.ro\/lexikon\/termek\/magyari-marton\/"},"modified":"2025-07-15T12:57:46","modified_gmt":"2025-07-15T10:57:46","slug":"magyari-marton","status":"publish","type":"product","link":"https:\/\/uj.adatbank.ro\/lexikon\/termek\/magyari-marton\/","title":{"rendered":"MAGYARI M\u00e1rton"},"content":{"rendered":"<p>Mv., 1905., \u2020\u00a0?: gazd\u00e1lkod\u00f3, b\u00e9rl\u0151. \u2013 Iskol\u00e1it Mv.-en v\u00e9gezte a sz\u00fcl\u0151i h\u00e1zn\u00e1l tanult gazd\u00e1lkodni Mv.-en. A Magyar N\u00e9pk\u00f6z\u00f6ss\u00e9g tagja, minden hazafias \u00e9s kultur\u00e1lis egyes\u00fclet t\u00e1mogat\u00f3ja volt. Sokat szenvedett, 6 h\u00f3napig volt bez\u00e1rva. <br \/><strong>Irod.:<\/strong> Sz\u00e9kelyf\u00f6ld \u00ed.k.<\/br><\/p>\n","protected":false},"excerpt":{"rendered":"<p>Mv., 1905., \u2020\u00a0?: gazd\u00e1lkod\u00f3, b\u00e9rl\u0151. \u2013 Iskol\u00e1it Mv.-en v\u00e9gezte a sz\u00fcl\u0151i h\u00e1zn\u00e1l tanult gazd\u00e1lkodni Mv.-en. A Magyar N\u00e9pk\u00f6z\u00f6ss\u00e9g tagja, minden hazafias \u00e9s kultur\u00e1lis egyes\u00fclet t\u00e1mogat\u00f3ja volt. Sokat szenvedett, 6 h\u00f3napig volt bez\u00e1rva. Irod.: Sz\u00e9kelyf\u00f6ld \u00ed.k.<\/p>\n","protected":false},"featured_media":0,"comment_status":"open","ping_status":"closed","template":"","meta":[],"product_brand":[],"product_cat":[137],"product_tag":[],"class_list":{"0":"post-14317","1":"product","2":"type-product","3":"status-publish","5":"product_cat-maros-megyei-eletrajzi-lexikon","7":"first","8":"instock","9":"shipping-taxable","10":"product-type-simple"},"_links":{"self":[{"href":"https:\/\/uj.adatbank.ro\/lexikon\/wp-json\/wp\/v2\/product\/14317","targetHints":{"allow":["GET"]}}],"collection":[{"href":"https:\/\/uj.adatbank.ro\/lexikon\/wp-json\/wp\/v2\/product"}],"about":[{"href":"https:\/\/uj.adatbank.ro\/lexikon\/wp-json\/wp\/v2\/types\/product"}],"replies":[{"embeddable":true,"href":"https:\/\/uj.adatbank.ro\/lexikon\/wp-json\/wp\/v2\/comments?post=14317"}],"wp:attachment":[{"href":"https:\/\/uj.adatbank.ro\/lexikon\/wp-json\/wp\/v2\/media?parent=14317"}],"wp:term":[{"taxonomy":"product_brand","embeddable":true,"href":"https:\/\/uj.adatbank.ro\/lexikon\/wp-json\/wp\/v2\/product_brand?post=14317"},{"taxonomy":"product_cat","embeddable":true,"href":"https:\/\/uj.adatbank.ro\/lexikon\/wp-json\/wp\/v2\/product_cat?post=14317"},{"taxonomy":"product_tag","embeddable":true,"href":"https:\/\/uj.adatbank.ro\/lexikon\/wp-json\/wp\/v2\/product_tag?post=14317"}],"curies":[{"name":"wp","href":"https:\/\/api.w.org\/{rel}","templated":true}]}}