{"id":14319,"date":"2025-07-15T12:57:49","date_gmt":"2025-07-15T10:57:49","guid":{"rendered":"https:\/\/uj.adatbank.ro\/lexikon\/termek\/magyari-pal-2\/"},"modified":"2025-07-15T12:57:49","modified_gmt":"2025-07-15T10:57:49","slug":"magyari-pal-2","status":"publish","type":"product","link":"https:\/\/uj.adatbank.ro\/lexikon\/termek\/magyari-pal-2\/","title":{"rendered":"MAGYARI P\u00e1l"},"content":{"rendered":"<p>B\u00faz\u00e1sbeseny\u0151, 1909. aug. 7., \u2020\u00a0?: gazd\u00e1lkod\u00f3. \u2013 Letart\u00f3ztatt\u00e1k (1960. nov. 1.) \u00e9s a MAT Katonai \u00dcgy\u00e9szs\u00e9ge, mivel Jehova-tan\u00fa volt, a t\u00e1rsadalmi rend elleni t\u00e9nyked\u00e9s v\u00e1dj\u00e1val \u00e1ll\u00edtotta b\u00edr\u00f3s\u00e1g el\u00e9. 1 \u00e9vre \u00edt\u00e9lt\u00e9k.(Szabadult 1964. j\u00fan. 24.). <br \/><strong>Irod.:<\/strong> 1956 Erd\u00e9lyben<\/br><\/p>\n","protected":false},"excerpt":{"rendered":"<p>B\u00faz\u00e1sbeseny\u0151, 1909. aug. 7., \u2020\u00a0?: gazd\u00e1lkod\u00f3. \u2013 Letart\u00f3ztatt\u00e1k (1960. nov. 1.) \u00e9s a MAT Katonai \u00dcgy\u00e9szs\u00e9ge, mivel Jehova-tan\u00fa volt, a t\u00e1rsadalmi rend elleni t\u00e9nyked\u00e9s v\u00e1dj\u00e1val \u00e1ll\u00edtotta b\u00edr\u00f3s\u00e1g el\u00e9. 1 \u00e9vre \u00edt\u00e9lt\u00e9k.(Szabadult 1964. j\u00fan. 24.). Irod.: 1956 Erd\u00e9lyben<\/p>\n","protected":false},"featured_media":0,"comment_status":"open","ping_status":"closed","template":"","meta":[],"product_brand":[],"product_cat":[137],"product_tag":[],"class_list":{"0":"post-14319","1":"product","2":"type-product","3":"status-publish","5":"product_cat-maros-megyei-eletrajzi-lexikon","7":"first","8":"instock","9":"shipping-taxable","10":"product-type-simple"},"_links":{"self":[{"href":"https:\/\/uj.adatbank.ro\/lexikon\/wp-json\/wp\/v2\/product\/14319","targetHints":{"allow":["GET"]}}],"collection":[{"href":"https:\/\/uj.adatbank.ro\/lexikon\/wp-json\/wp\/v2\/product"}],"about":[{"href":"https:\/\/uj.adatbank.ro\/lexikon\/wp-json\/wp\/v2\/types\/product"}],"replies":[{"embeddable":true,"href":"https:\/\/uj.adatbank.ro\/lexikon\/wp-json\/wp\/v2\/comments?post=14319"}],"wp:attachment":[{"href":"https:\/\/uj.adatbank.ro\/lexikon\/wp-json\/wp\/v2\/media?parent=14319"}],"wp:term":[{"taxonomy":"product_brand","embeddable":true,"href":"https:\/\/uj.adatbank.ro\/lexikon\/wp-json\/wp\/v2\/product_brand?post=14319"},{"taxonomy":"product_cat","embeddable":true,"href":"https:\/\/uj.adatbank.ro\/lexikon\/wp-json\/wp\/v2\/product_cat?post=14319"},{"taxonomy":"product_tag","embeddable":true,"href":"https:\/\/uj.adatbank.ro\/lexikon\/wp-json\/wp\/v2\/product_tag?post=14319"}],"curies":[{"name":"wp","href":"https:\/\/api.w.org\/{rel}","templated":true}]}}