{"id":14321,"date":"2025-07-15T12:57:53","date_gmt":"2025-07-15T10:57:53","guid":{"rendered":"https:\/\/uj.adatbank.ro\/lexikon\/termek\/magyari-peter-magyarosi\/"},"modified":"2025-07-15T12:57:53","modified_gmt":"2025-07-15T10:57:53","slug":"magyari-peter-magyarosi","status":"publish","type":"product","link":"https:\/\/uj.adatbank.ro\/lexikon\/termek\/magyari-peter-magyarosi\/","title":{"rendered":"MAGYARI P\u00e9ter, (Magyarosi)"},"content":{"rendered":"<p>? \u2020\u00a0?: ref. tan\u00edt\u00f3. \u2013 Mv.-en subscrib\u00e1lt (1784). Als\u00f3b\u00f6lk\u00e9nyben (1790\u20131792) \u00e9s Tancson (1793\u20131799\u20131802) (N\u00e9vk\u00f6nyv 1894. 26.) volt mester. <br \/><strong>Irod.:<\/strong> \u0150sz<\/br><\/p>\n","protected":false},"excerpt":{"rendered":"<p>? \u2020\u00a0?: ref. tan\u00edt\u00f3. \u2013 Mv.-en subscrib\u00e1lt (1784). Als\u00f3b\u00f6lk\u00e9nyben (1790\u20131792) \u00e9s Tancson (1793\u20131799\u20131802) (N\u00e9vk\u00f6nyv 1894. 26.) volt mester. Irod.: \u0150sz<\/p>\n","protected":false},"featured_media":0,"comment_status":"open","ping_status":"closed","template":"","meta":[],"product_brand":[],"product_cat":[137],"product_tag":[],"class_list":{"0":"post-14321","1":"product","2":"type-product","3":"status-publish","5":"product_cat-maros-megyei-eletrajzi-lexikon","7":"first","8":"instock","9":"shipping-taxable","10":"product-type-simple"},"_links":{"self":[{"href":"https:\/\/uj.adatbank.ro\/lexikon\/wp-json\/wp\/v2\/product\/14321","targetHints":{"allow":["GET"]}}],"collection":[{"href":"https:\/\/uj.adatbank.ro\/lexikon\/wp-json\/wp\/v2\/product"}],"about":[{"href":"https:\/\/uj.adatbank.ro\/lexikon\/wp-json\/wp\/v2\/types\/product"}],"replies":[{"embeddable":true,"href":"https:\/\/uj.adatbank.ro\/lexikon\/wp-json\/wp\/v2\/comments?post=14321"}],"wp:attachment":[{"href":"https:\/\/uj.adatbank.ro\/lexikon\/wp-json\/wp\/v2\/media?parent=14321"}],"wp:term":[{"taxonomy":"product_brand","embeddable":true,"href":"https:\/\/uj.adatbank.ro\/lexikon\/wp-json\/wp\/v2\/product_brand?post=14321"},{"taxonomy":"product_cat","embeddable":true,"href":"https:\/\/uj.adatbank.ro\/lexikon\/wp-json\/wp\/v2\/product_cat?post=14321"},{"taxonomy":"product_tag","embeddable":true,"href":"https:\/\/uj.adatbank.ro\/lexikon\/wp-json\/wp\/v2\/product_tag?post=14321"}],"curies":[{"name":"wp","href":"https:\/\/api.w.org\/{rel}","templated":true}]}}