{"id":14322,"date":"2025-07-15T12:57:55","date_gmt":"2025-07-15T10:57:55","guid":{"rendered":"https:\/\/uj.adatbank.ro\/lexikon\/termek\/magyari-sandor\/"},"modified":"2025-07-15T12:57:55","modified_gmt":"2025-07-15T10:57:55","slug":"magyari-sandor","status":"publish","type":"product","link":"https:\/\/uj.adatbank.ro\/lexikon\/termek\/magyari-sandor\/","title":{"rendered":"MAGYARI S\u00e1ndor"},"content":{"rendered":"<p>? \u2020\u00a0?: kov\u00e1csmester. \u2013 Ny\u00e1r\u00e1dszered\u00e1ban volt kov\u00e1csmester, \u0151 k\u00e9sz\u00edtette a piacon lev\u0151 templom nagy fatorny\u00e1ra a Hold j\u00e1r\u00e1s\u00e1t is mutat\u00f3 torony\u00f3r\u00e1t (1794), amely hely\u00e9be k\u0151tornyot \u00e9p\u00edtettek (1895). <br \/><strong>Irod.:<\/strong> Kelemen Lajos 1982; Ny\u00e1r\u00e1dszereda: Kiskalauz<\/br><\/p>\n","protected":false},"excerpt":{"rendered":"<p>? \u2020\u00a0?: kov\u00e1csmester. \u2013 Ny\u00e1r\u00e1dszered\u00e1ban volt kov\u00e1csmester, \u0151 k\u00e9sz\u00edtette a piacon lev\u0151 templom nagy fatorny\u00e1ra a Hold j\u00e1r\u00e1s\u00e1t is mutat\u00f3 torony\u00f3r\u00e1t (1794), amely hely\u00e9be k\u0151tornyot \u00e9p\u00edtettek (1895). Irod.: Kelemen Lajos 1982; Ny\u00e1r\u00e1dszereda: Kiskalauz<\/p>\n","protected":false},"featured_media":0,"comment_status":"open","ping_status":"closed","template":"","meta":[],"product_brand":[],"product_cat":[137],"product_tag":[],"class_list":{"0":"post-14322","1":"product","2":"type-product","3":"status-publish","5":"product_cat-maros-megyei-eletrajzi-lexikon","7":"first","8":"instock","9":"shipping-taxable","10":"product-type-simple"},"_links":{"self":[{"href":"https:\/\/uj.adatbank.ro\/lexikon\/wp-json\/wp\/v2\/product\/14322","targetHints":{"allow":["GET"]}}],"collection":[{"href":"https:\/\/uj.adatbank.ro\/lexikon\/wp-json\/wp\/v2\/product"}],"about":[{"href":"https:\/\/uj.adatbank.ro\/lexikon\/wp-json\/wp\/v2\/types\/product"}],"replies":[{"embeddable":true,"href":"https:\/\/uj.adatbank.ro\/lexikon\/wp-json\/wp\/v2\/comments?post=14322"}],"wp:attachment":[{"href":"https:\/\/uj.adatbank.ro\/lexikon\/wp-json\/wp\/v2\/media?parent=14322"}],"wp:term":[{"taxonomy":"product_brand","embeddable":true,"href":"https:\/\/uj.adatbank.ro\/lexikon\/wp-json\/wp\/v2\/product_brand?post=14322"},{"taxonomy":"product_cat","embeddable":true,"href":"https:\/\/uj.adatbank.ro\/lexikon\/wp-json\/wp\/v2\/product_cat?post=14322"},{"taxonomy":"product_tag","embeddable":true,"href":"https:\/\/uj.adatbank.ro\/lexikon\/wp-json\/wp\/v2\/product_tag?post=14322"}],"curies":[{"name":"wp","href":"https:\/\/api.w.org\/{rel}","templated":true}]}}