{"id":14324,"date":"2025-07-15T12:57:58","date_gmt":"2025-07-15T10:57:58","guid":{"rendered":"https:\/\/uj.adatbank.ro\/lexikon\/termek\/magyari-szentrontasi\/"},"modified":"2025-07-15T12:57:58","modified_gmt":"2025-07-15T10:57:58","slug":"magyari-szentrontasi","status":"publish","type":"product","link":"https:\/\/uj.adatbank.ro\/lexikon\/termek\/magyari-szentrontasi\/","title":{"rendered":"MAGYARI, szentront\u00e1si"},"content":{"rendered":"<p>R\u00e9gi sz\u00e9kely csal\u00e1d, tagjai M. J\u00e1nos \u00e9s P\u00e9ter a cs. \u00e9s kir. h\u0171s\u00e9g\u00e9re esk\u00fcdtek fel B\u00e1sta gener\u00e1lis rendelet\u00e9re (1602)\u00a0; M. P\u00e9ter nemes levelet nyert II. R\u00e1k\u00f3czi Gy\u00f6rgyt\u0151l (1650. m\u00e1j. 18.). A csal\u00e1d t\u00f6bb \u00edzben igazolta nemess\u00e9g\u00e9t (1753. okt. 7., 1768. szept. 24. stb.). <br \/><strong>Irod.:<\/strong> Kempelen; P\u00e1lmay<\/br><\/p>\n","protected":false},"excerpt":{"rendered":"<p>R\u00e9gi sz\u00e9kely csal\u00e1d, tagjai M. J\u00e1nos \u00e9s P\u00e9ter a cs. \u00e9s kir. h\u0171s\u00e9g\u00e9re esk\u00fcdtek fel B\u00e1sta gener\u00e1lis rendelet\u00e9re (1602)\u00a0; M. P\u00e9ter nemes levelet nyert II. R\u00e1k\u00f3czi Gy\u00f6rgyt\u0151l (1650. m\u00e1j. 18.). A csal\u00e1d t\u00f6bb \u00edzben igazolta nemess\u00e9g\u00e9t (1753. okt. 7., 1768. szept. 24. stb.). Irod.: Kempelen; P\u00e1lmay<\/p>\n","protected":false},"featured_media":0,"comment_status":"open","ping_status":"closed","template":"","meta":[],"product_brand":[],"product_cat":[137],"product_tag":[],"class_list":{"0":"post-14324","1":"product","2":"type-product","3":"status-publish","5":"product_cat-maros-megyei-eletrajzi-lexikon","7":"first","8":"instock","9":"shipping-taxable","10":"product-type-simple"},"_links":{"self":[{"href":"https:\/\/uj.adatbank.ro\/lexikon\/wp-json\/wp\/v2\/product\/14324","targetHints":{"allow":["GET"]}}],"collection":[{"href":"https:\/\/uj.adatbank.ro\/lexikon\/wp-json\/wp\/v2\/product"}],"about":[{"href":"https:\/\/uj.adatbank.ro\/lexikon\/wp-json\/wp\/v2\/types\/product"}],"replies":[{"embeddable":true,"href":"https:\/\/uj.adatbank.ro\/lexikon\/wp-json\/wp\/v2\/comments?post=14324"}],"wp:attachment":[{"href":"https:\/\/uj.adatbank.ro\/lexikon\/wp-json\/wp\/v2\/media?parent=14324"}],"wp:term":[{"taxonomy":"product_brand","embeddable":true,"href":"https:\/\/uj.adatbank.ro\/lexikon\/wp-json\/wp\/v2\/product_brand?post=14324"},{"taxonomy":"product_cat","embeddable":true,"href":"https:\/\/uj.adatbank.ro\/lexikon\/wp-json\/wp\/v2\/product_cat?post=14324"},{"taxonomy":"product_tag","embeddable":true,"href":"https:\/\/uj.adatbank.ro\/lexikon\/wp-json\/wp\/v2\/product_tag?post=14324"}],"curies":[{"name":"wp","href":"https:\/\/api.w.org\/{rel}","templated":true}]}}