{"id":14325,"date":"2025-07-15T12:58:00","date_gmt":"2025-07-15T10:58:00","guid":{"rendered":"https:\/\/uj.adatbank.ro\/lexikon\/termek\/magyari-zoltan\/"},"modified":"2025-07-15T12:58:00","modified_gmt":"2025-07-15T10:58:00","slug":"magyari-zoltan","status":"publish","type":"product","link":"https:\/\/uj.adatbank.ro\/lexikon\/termek\/magyari-zoltan\/","title":{"rendered":"MAGYARI Zolt\u00e1n"},"content":{"rendered":"<p>Jedd, 1884., \u2020\u00a0?: ref. lelk\u00e9sz. \u2013 Tanulm\u00e1nyainak elv\u00e9gz\u00e9se ut\u00e1n lelk\u00e9szi oklevelet szerzett. Szolg\u00e1lt Sz\u00e1szcs\u00e1v\u00e1son, Egrest\u0151n, majd Andr\u00e1sfalv\u00e1n (1912\u201324), azut\u00e1n Iklandon (1925\u2013). A hazafias \u00e9s kultur\u00e1lis egyes\u00fcletek t\u00e1mogat\u00f3ja volt. <br \/><strong>Irod.:<\/strong> Sz\u00e9kelyf\u00f6ld \u00ed.k.<\/br><\/p>\n","protected":false},"excerpt":{"rendered":"<p>Jedd, 1884., \u2020\u00a0?: ref. lelk\u00e9sz. \u2013 Tanulm\u00e1nyainak elv\u00e9gz\u00e9se ut\u00e1n lelk\u00e9szi oklevelet szerzett. Szolg\u00e1lt Sz\u00e1szcs\u00e1v\u00e1son, Egrest\u0151n, majd Andr\u00e1sfalv\u00e1n (1912\u201324), azut\u00e1n Iklandon (1925\u2013). A hazafias \u00e9s kultur\u00e1lis egyes\u00fcletek t\u00e1mogat\u00f3ja volt. Irod.: Sz\u00e9kelyf\u00f6ld \u00ed.k.<\/p>\n","protected":false},"featured_media":0,"comment_status":"open","ping_status":"closed","template":"","meta":[],"product_brand":[],"product_cat":[137],"product_tag":[],"class_list":{"0":"post-14325","1":"product","2":"type-product","3":"status-publish","5":"product_cat-maros-megyei-eletrajzi-lexikon","7":"first","8":"instock","9":"shipping-taxable","10":"product-type-simple"},"_links":{"self":[{"href":"https:\/\/uj.adatbank.ro\/lexikon\/wp-json\/wp\/v2\/product\/14325","targetHints":{"allow":["GET"]}}],"collection":[{"href":"https:\/\/uj.adatbank.ro\/lexikon\/wp-json\/wp\/v2\/product"}],"about":[{"href":"https:\/\/uj.adatbank.ro\/lexikon\/wp-json\/wp\/v2\/types\/product"}],"replies":[{"embeddable":true,"href":"https:\/\/uj.adatbank.ro\/lexikon\/wp-json\/wp\/v2\/comments?post=14325"}],"wp:attachment":[{"href":"https:\/\/uj.adatbank.ro\/lexikon\/wp-json\/wp\/v2\/media?parent=14325"}],"wp:term":[{"taxonomy":"product_brand","embeddable":true,"href":"https:\/\/uj.adatbank.ro\/lexikon\/wp-json\/wp\/v2\/product_brand?post=14325"},{"taxonomy":"product_cat","embeddable":true,"href":"https:\/\/uj.adatbank.ro\/lexikon\/wp-json\/wp\/v2\/product_cat?post=14325"},{"taxonomy":"product_tag","embeddable":true,"href":"https:\/\/uj.adatbank.ro\/lexikon\/wp-json\/wp\/v2\/product_tag?post=14325"}],"curies":[{"name":"wp","href":"https:\/\/api.w.org\/{rel}","templated":true}]}}