{"id":14326,"date":"2025-07-15T12:58:03","date_gmt":"2025-07-15T10:58:03","guid":{"rendered":"https:\/\/uj.adatbank.ro\/lexikon\/termek\/magyari-zoltan-2\/"},"modified":"2025-07-15T12:58:03","modified_gmt":"2025-07-15T10:58:03","slug":"magyari-zoltan-2","status":"publish","type":"product","link":"https:\/\/uj.adatbank.ro\/lexikon\/termek\/magyari-zoltan-2\/","title":{"rendered":"MAGYARI Zolt\u00e1n"},"content":{"rendered":"<p>Kv., 1908, \u2020 Fintah\u00e1za, 1980. j\u00fan. 28.: ref. lelk\u00e9sz. \u2013 Az apja is lelk\u00e9sz volt Iklandon. Feles\u00e9ge: Horv\u00e1th R\u00f3za. \u2013 Kv.-on \u00e9s Mv.-en v\u00e9gezte a gimn\u00e1ziumot \u00e9s Kv.-on a teol\u00f3gi\u00e1t. Bikfalv\u00e1n kezdte p\u00e1lyafut\u00e1s\u00e1t, majd Cserefalva lelk\u00e9sze (1933\u2013). A tejsz\u00f6vetkezet, Hangya, Gazdak\u00f6r vezet\u0151s\u00e9gi tagja. <br \/><strong>Irod.:<\/strong> [Nekrolog] (V. Z., 1980. j\u00fan. 29.)<\/br><\/p>\n","protected":false},"excerpt":{"rendered":"<p>Kv., 1908, \u2020 Fintah\u00e1za, 1980. j\u00fan. 28.: ref. lelk\u00e9sz. \u2013 Az apja is lelk\u00e9sz volt Iklandon. Feles\u00e9ge: Horv\u00e1th R\u00f3za. \u2013 Kv.-on \u00e9s Mv.-en v\u00e9gezte a gimn\u00e1ziumot \u00e9s Kv.-on a teol\u00f3gi\u00e1t. Bikfalv\u00e1n kezdte p\u00e1lyafut\u00e1s\u00e1t, majd Cserefalva lelk\u00e9sze (1933\u2013). A tejsz\u00f6vetkezet, Hangya, Gazdak\u00f6r vezet\u0151s\u00e9gi tagja. Irod.: [Nekrolog] (V. Z., 1980. j\u00fan. 29.)<\/p>\n","protected":false},"featured_media":0,"comment_status":"open","ping_status":"closed","template":"","meta":[],"product_brand":[],"product_cat":[137],"product_tag":[],"class_list":{"0":"post-14326","1":"product","2":"type-product","3":"status-publish","5":"product_cat-maros-megyei-eletrajzi-lexikon","7":"first","8":"instock","9":"shipping-taxable","10":"product-type-simple"},"_links":{"self":[{"href":"https:\/\/uj.adatbank.ro\/lexikon\/wp-json\/wp\/v2\/product\/14326","targetHints":{"allow":["GET"]}}],"collection":[{"href":"https:\/\/uj.adatbank.ro\/lexikon\/wp-json\/wp\/v2\/product"}],"about":[{"href":"https:\/\/uj.adatbank.ro\/lexikon\/wp-json\/wp\/v2\/types\/product"}],"replies":[{"embeddable":true,"href":"https:\/\/uj.adatbank.ro\/lexikon\/wp-json\/wp\/v2\/comments?post=14326"}],"wp:attachment":[{"href":"https:\/\/uj.adatbank.ro\/lexikon\/wp-json\/wp\/v2\/media?parent=14326"}],"wp:term":[{"taxonomy":"product_brand","embeddable":true,"href":"https:\/\/uj.adatbank.ro\/lexikon\/wp-json\/wp\/v2\/product_brand?post=14326"},{"taxonomy":"product_cat","embeddable":true,"href":"https:\/\/uj.adatbank.ro\/lexikon\/wp-json\/wp\/v2\/product_cat?post=14326"},{"taxonomy":"product_tag","embeddable":true,"href":"https:\/\/uj.adatbank.ro\/lexikon\/wp-json\/wp\/v2\/product_tag?post=14326"}],"curies":[{"name":"wp","href":"https:\/\/api.w.org\/{rel}","templated":true}]}}