{"id":14329,"date":"2025-07-15T12:58:10","date_gmt":"2025-07-15T10:58:10","guid":{"rendered":"https:\/\/uj.adatbank.ro\/lexikon\/termek\/magyarosi-sovaradi\/"},"modified":"2025-07-15T12:58:10","modified_gmt":"2025-07-15T10:58:10","slug":"magyarosi-sovaradi","status":"publish","type":"product","link":"https:\/\/uj.adatbank.ro\/lexikon\/termek\/magyarosi-sovaradi\/","title":{"rendered":"MAGYAROSI, s\u00f3v\u00e1radi"},"content":{"rendered":"<p>A csal\u00e1db\u00f3l M. Gergely \u00e9s P\u00e1l lustr\u00e1lttak (1614)\u00a0; M. Istv\u00e1n nemeslevelet kapott (1655). A csal\u00e1d S\u00f3v\u00e1radon kihalt. <br \/><strong>Irod.:<\/strong> P\u00e1lmay<\/br><\/p>\n","protected":false},"excerpt":{"rendered":"<p>A csal\u00e1db\u00f3l M. Gergely \u00e9s P\u00e1l lustr\u00e1lttak (1614)\u00a0; M. Istv\u00e1n nemeslevelet kapott (1655). A csal\u00e1d S\u00f3v\u00e1radon kihalt. Irod.: P\u00e1lmay<\/p>\n","protected":false},"featured_media":0,"comment_status":"open","ping_status":"closed","template":"","meta":[],"product_brand":[],"product_cat":[137],"product_tag":[],"class_list":{"0":"post-14329","1":"product","2":"type-product","3":"status-publish","5":"product_cat-maros-megyei-eletrajzi-lexikon","7":"first","8":"instock","9":"shipping-taxable","10":"product-type-simple"},"_links":{"self":[{"href":"https:\/\/uj.adatbank.ro\/lexikon\/wp-json\/wp\/v2\/product\/14329","targetHints":{"allow":["GET"]}}],"collection":[{"href":"https:\/\/uj.adatbank.ro\/lexikon\/wp-json\/wp\/v2\/product"}],"about":[{"href":"https:\/\/uj.adatbank.ro\/lexikon\/wp-json\/wp\/v2\/types\/product"}],"replies":[{"embeddable":true,"href":"https:\/\/uj.adatbank.ro\/lexikon\/wp-json\/wp\/v2\/comments?post=14329"}],"wp:attachment":[{"href":"https:\/\/uj.adatbank.ro\/lexikon\/wp-json\/wp\/v2\/media?parent=14329"}],"wp:term":[{"taxonomy":"product_brand","embeddable":true,"href":"https:\/\/uj.adatbank.ro\/lexikon\/wp-json\/wp\/v2\/product_brand?post=14329"},{"taxonomy":"product_cat","embeddable":true,"href":"https:\/\/uj.adatbank.ro\/lexikon\/wp-json\/wp\/v2\/product_cat?post=14329"},{"taxonomy":"product_tag","embeddable":true,"href":"https:\/\/uj.adatbank.ro\/lexikon\/wp-json\/wp\/v2\/product_tag?post=14329"}],"curies":[{"name":"wp","href":"https:\/\/api.w.org\/{rel}","templated":true}]}}