{"id":14330,"date":"2025-07-15T12:58:11","date_gmt":"2025-07-15T10:58:11","guid":{"rendered":"https:\/\/uj.adatbank.ro\/lexikon\/termek\/magyarosi-orzo-denes\/"},"modified":"2025-07-15T12:58:11","modified_gmt":"2025-07-15T10:58:11","slug":"magyarosi-orzo-denes","status":"publish","type":"product","link":"https:\/\/uj.adatbank.ro\/lexikon\/termek\/magyarosi-orzo-denes\/","title":{"rendered":"MAGYAROSI (\u0150rz\u0151) D\u00e9nes"},"content":{"rendered":"<p>Nagykend, 1902., \u2020\u00a0? : gazd\u00e1lkod\u00f3. \u2013 \u00d6n\u00e1ll\u00f3 gazda Nagykenden (1916\u2013), ahol a Gazdak\u00f6r eln\u00f6ke, a Hangya Sz\u00f6v. tagja, minden hazafias \u00e9s kultur\u00e1lis egyes\u00fclet t\u00e1mogat\u00f3ja, a k\u00f6zs\u00e9g kisb\u00edr\u00f3ja volt. <br \/><strong>Irod.:<\/strong> Sz\u00e9kelyf\u00f6ld \u00ed.k.<\/br><\/p>\n","protected":false},"excerpt":{"rendered":"<p>Nagykend, 1902., \u2020\u00a0? : gazd\u00e1lkod\u00f3. \u2013 \u00d6n\u00e1ll\u00f3 gazda Nagykenden (1916\u2013), ahol a Gazdak\u00f6r eln\u00f6ke, a Hangya Sz\u00f6v. tagja, minden hazafias \u00e9s kultur\u00e1lis egyes\u00fclet t\u00e1mogat\u00f3ja, a k\u00f6zs\u00e9g kisb\u00edr\u00f3ja volt. Irod.: Sz\u00e9kelyf\u00f6ld \u00ed.k.<\/p>\n","protected":false},"featured_media":0,"comment_status":"open","ping_status":"closed","template":"","meta":[],"product_brand":[],"product_cat":[137],"product_tag":[],"class_list":{"0":"post-14330","1":"product","2":"type-product","3":"status-publish","5":"product_cat-maros-megyei-eletrajzi-lexikon","7":"first","8":"instock","9":"shipping-taxable","10":"product-type-simple"},"_links":{"self":[{"href":"https:\/\/uj.adatbank.ro\/lexikon\/wp-json\/wp\/v2\/product\/14330","targetHints":{"allow":["GET"]}}],"collection":[{"href":"https:\/\/uj.adatbank.ro\/lexikon\/wp-json\/wp\/v2\/product"}],"about":[{"href":"https:\/\/uj.adatbank.ro\/lexikon\/wp-json\/wp\/v2\/types\/product"}],"replies":[{"embeddable":true,"href":"https:\/\/uj.adatbank.ro\/lexikon\/wp-json\/wp\/v2\/comments?post=14330"}],"wp:attachment":[{"href":"https:\/\/uj.adatbank.ro\/lexikon\/wp-json\/wp\/v2\/media?parent=14330"}],"wp:term":[{"taxonomy":"product_brand","embeddable":true,"href":"https:\/\/uj.adatbank.ro\/lexikon\/wp-json\/wp\/v2\/product_brand?post=14330"},{"taxonomy":"product_cat","embeddable":true,"href":"https:\/\/uj.adatbank.ro\/lexikon\/wp-json\/wp\/v2\/product_cat?post=14330"},{"taxonomy":"product_tag","embeddable":true,"href":"https:\/\/uj.adatbank.ro\/lexikon\/wp-json\/wp\/v2\/product_tag?post=14330"}],"curies":[{"name":"wp","href":"https:\/\/api.w.org\/{rel}","templated":true}]}}