{"id":14339,"date":"2025-07-15T12:58:30","date_gmt":"2025-07-15T10:58:30","guid":{"rendered":"https:\/\/uj.adatbank.ro\/lexikon\/termek\/magyarosi-jozsef\/"},"modified":"2025-07-15T12:58:30","modified_gmt":"2025-07-15T10:58:30","slug":"magyarosi-jozsef","status":"publish","type":"product","link":"https:\/\/uj.adatbank.ro\/lexikon\/termek\/magyarosi-jozsef\/","title":{"rendered":"MAGYAROSI J\u00f3zsef"},"content":{"rendered":"<p>1897., \u2020\u00a0?: fazekasmester. \u2013 Iskol\u00e1i \u00e9lv\u00e9gz\u00e9se ut\u00e1n a fazekasipart saj\u00e1t\u00edtotta el, huzamosabb ideig volt seg\u00e9d, majd \u00f6n\u00e1ll\u00f3 mester lett G\u00f6rg\u00e9nyszentimr\u00e9n. Az els\u0151 vh.-ban a 62. gy. e.-el a rom\u00e1n, olasz \u00e9s a francia fronton harcolt. <br \/><strong>Irod.:<\/strong> Sz\u00e9kelyf\u00f6ld \u00ed.k.<\/br><\/p>\n","protected":false},"excerpt":{"rendered":"<p>1897., \u2020\u00a0?: fazekasmester. \u2013 Iskol\u00e1i \u00e9lv\u00e9gz\u00e9se ut\u00e1n a fazekasipart saj\u00e1t\u00edtotta el, huzamosabb ideig volt seg\u00e9d, majd \u00f6n\u00e1ll\u00f3 mester lett G\u00f6rg\u00e9nyszentimr\u00e9n. Az els\u0151 vh.-ban a 62. gy. e.-el a rom\u00e1n, olasz \u00e9s a francia fronton harcolt. Irod.: Sz\u00e9kelyf\u00f6ld \u00ed.k.<\/p>\n","protected":false},"featured_media":0,"comment_status":"open","ping_status":"closed","template":"","meta":[],"product_brand":[],"product_cat":[137],"product_tag":[],"class_list":{"0":"post-14339","1":"product","2":"type-product","3":"status-publish","5":"product_cat-maros-megyei-eletrajzi-lexikon","7":"first","8":"instock","9":"shipping-taxable","10":"product-type-simple"},"_links":{"self":[{"href":"https:\/\/uj.adatbank.ro\/lexikon\/wp-json\/wp\/v2\/product\/14339","targetHints":{"allow":["GET"]}}],"collection":[{"href":"https:\/\/uj.adatbank.ro\/lexikon\/wp-json\/wp\/v2\/product"}],"about":[{"href":"https:\/\/uj.adatbank.ro\/lexikon\/wp-json\/wp\/v2\/types\/product"}],"replies":[{"embeddable":true,"href":"https:\/\/uj.adatbank.ro\/lexikon\/wp-json\/wp\/v2\/comments?post=14339"}],"wp:attachment":[{"href":"https:\/\/uj.adatbank.ro\/lexikon\/wp-json\/wp\/v2\/media?parent=14339"}],"wp:term":[{"taxonomy":"product_brand","embeddable":true,"href":"https:\/\/uj.adatbank.ro\/lexikon\/wp-json\/wp\/v2\/product_brand?post=14339"},{"taxonomy":"product_cat","embeddable":true,"href":"https:\/\/uj.adatbank.ro\/lexikon\/wp-json\/wp\/v2\/product_cat?post=14339"},{"taxonomy":"product_tag","embeddable":true,"href":"https:\/\/uj.adatbank.ro\/lexikon\/wp-json\/wp\/v2\/product_tag?post=14339"}],"curies":[{"name":"wp","href":"https:\/\/api.w.org\/{rel}","templated":true}]}}