{"id":14340,"date":"2025-07-15T12:58:32","date_gmt":"2025-07-15T10:58:32","guid":{"rendered":"https:\/\/uj.adatbank.ro\/lexikon\/termek\/magyarosi-kati-hegyes-kati\/"},"modified":"2025-07-15T12:58:32","modified_gmt":"2025-07-15T10:58:32","slug":"magyarosi-kati-hegyes-kati","status":"publish","type":"product","link":"https:\/\/uj.adatbank.ro\/lexikon\/termek\/magyarosi-kati-hegyes-kati\/","title":{"rendered":"MAGYAROSI Kati; Hegyes Kati"},"content":{"rendered":"<p>Kiskend, 1917. m\u00e1j. 10. \u2020 ?: sz\u00f6v\u0151asszony. \u2013 \u00c1ltal\u00e1nos iskol\u00e1t v\u00e9gzett sz\u00fcl\u0151fal\u00faj\u00e1ban (1931). Sz\u0151ttes \u00e1gyter\u00edt\u0151ket, ter\u00edt\u0151ket, t\u00f6rl\u0151ket k\u00e9sz\u00edtett. Velemben r\u00e9szt vett a P\u00e9terfi L\u00e1szl\u00f3 szobr\u00e1szm\u0171v\u00e9sz szervezte N\u00e9pm\u0171v\u00e9szeti Alkot\u00f3t\u00e1bor sz\u00f6v\u00e9s tanfolyam\u00e1nak vezet\u00e9s\u00e9ben (1970\u201382).\u2013 Ki\u00e1ll\u00edt\u00e1sa: Buk (1980, csoportos. Orsz. 1. d\u00edj). <br \/><strong>Irod.:<\/strong> KKACs; RMKK<\/br><\/p>\n","protected":false},"excerpt":{"rendered":"<p>Kiskend, 1917. m\u00e1j. 10. \u2020 ?: sz\u00f6v\u0151asszony. \u2013 \u00c1ltal\u00e1nos iskol\u00e1t v\u00e9gzett sz\u00fcl\u0151fal\u00faj\u00e1ban (1931). Sz\u0151ttes \u00e1gyter\u00edt\u0151ket, ter\u00edt\u0151ket, t\u00f6rl\u0151ket k\u00e9sz\u00edtett. Velemben r\u00e9szt vett a P\u00e9terfi L\u00e1szl\u00f3 szobr\u00e1szm\u0171v\u00e9sz szervezte N\u00e9pm\u0171v\u00e9szeti Alkot\u00f3t\u00e1bor sz\u00f6v\u00e9s tanfolyam\u00e1nak vezet\u00e9s\u00e9ben (1970\u201382).\u2013 Ki\u00e1ll\u00edt\u00e1sa: Buk (1980, csoportos. Orsz. 1. d\u00edj). Irod.: KKACs; RMKK<\/p>\n","protected":false},"featured_media":0,"comment_status":"open","ping_status":"closed","template":"","meta":[],"product_brand":[],"product_cat":[137],"product_tag":[],"class_list":{"0":"post-14340","1":"product","2":"type-product","3":"status-publish","5":"product_cat-maros-megyei-eletrajzi-lexikon","7":"first","8":"instock","9":"shipping-taxable","10":"product-type-simple"},"_links":{"self":[{"href":"https:\/\/uj.adatbank.ro\/lexikon\/wp-json\/wp\/v2\/product\/14340","targetHints":{"allow":["GET"]}}],"collection":[{"href":"https:\/\/uj.adatbank.ro\/lexikon\/wp-json\/wp\/v2\/product"}],"about":[{"href":"https:\/\/uj.adatbank.ro\/lexikon\/wp-json\/wp\/v2\/types\/product"}],"replies":[{"embeddable":true,"href":"https:\/\/uj.adatbank.ro\/lexikon\/wp-json\/wp\/v2\/comments?post=14340"}],"wp:attachment":[{"href":"https:\/\/uj.adatbank.ro\/lexikon\/wp-json\/wp\/v2\/media?parent=14340"}],"wp:term":[{"taxonomy":"product_brand","embeddable":true,"href":"https:\/\/uj.adatbank.ro\/lexikon\/wp-json\/wp\/v2\/product_brand?post=14340"},{"taxonomy":"product_cat","embeddable":true,"href":"https:\/\/uj.adatbank.ro\/lexikon\/wp-json\/wp\/v2\/product_cat?post=14340"},{"taxonomy":"product_tag","embeddable":true,"href":"https:\/\/uj.adatbank.ro\/lexikon\/wp-json\/wp\/v2\/product_tag?post=14340"}],"curies":[{"name":"wp","href":"https:\/\/api.w.org\/{rel}","templated":true}]}}