{"id":14342,"date":"2025-07-15T12:58:35","date_gmt":"2025-07-15T10:58:35","guid":{"rendered":"https:\/\/uj.adatbank.ro\/lexikon\/termek\/magyarosi-marton-2\/"},"modified":"2025-07-15T12:58:35","modified_gmt":"2025-07-15T10:58:35","slug":"magyarosi-marton-2","status":"publish","type":"product","link":"https:\/\/uj.adatbank.ro\/lexikon\/termek\/magyarosi-marton-2\/","title":{"rendered":"MAGYAROSI M\u00e1rton"},"content":{"rendered":"<p>1915, \u2020 Mv., 1983. nov. 28. : tan\u00e1r. \u2013 A mv.-i Ref. Koll. majd a Bolyai Farkas L\u00edc. tan\u00e1ra (1952. szept.  1. \u2013 1954. szept.1), tan\u00edtott a 4-es sz. k\u00f6z\u00e9piskol\u00e1ban tan\u00edtott (1954\u201358), majd a Papiu Ilarian L\u00edc. igazgat\u00f3ja volt. <br \/><strong>Irod.:<\/strong> [Nekrol\u00f3g] (V. Z., 1983. nov. 29.); Kozma; Sk\u00f3la<\/br><\/p>\n","protected":false},"excerpt":{"rendered":"<p>1915, \u2020 Mv., 1983. nov. 28. : tan\u00e1r. \u2013 A mv.-i Ref. Koll. majd a Bolyai Farkas L\u00edc. tan\u00e1ra (1952. szept. 1. \u2013 1954. szept.1), tan\u00edtott a 4-es sz. k\u00f6z\u00e9piskol\u00e1ban tan\u00edtott (1954\u201358), majd a Papiu Ilarian L\u00edc. igazgat\u00f3ja volt. Irod.: [Nekrol\u00f3g] (V. Z., 1983. nov. 29.); Kozma; Sk\u00f3la<\/p>\n","protected":false},"featured_media":0,"comment_status":"open","ping_status":"closed","template":"","meta":[],"product_brand":[],"product_cat":[137],"product_tag":[],"class_list":{"0":"post-14342","1":"product","2":"type-product","3":"status-publish","5":"product_cat-maros-megyei-eletrajzi-lexikon","7":"first","8":"instock","9":"shipping-taxable","10":"product-type-simple"},"_links":{"self":[{"href":"https:\/\/uj.adatbank.ro\/lexikon\/wp-json\/wp\/v2\/product\/14342","targetHints":{"allow":["GET"]}}],"collection":[{"href":"https:\/\/uj.adatbank.ro\/lexikon\/wp-json\/wp\/v2\/product"}],"about":[{"href":"https:\/\/uj.adatbank.ro\/lexikon\/wp-json\/wp\/v2\/types\/product"}],"replies":[{"embeddable":true,"href":"https:\/\/uj.adatbank.ro\/lexikon\/wp-json\/wp\/v2\/comments?post=14342"}],"wp:attachment":[{"href":"https:\/\/uj.adatbank.ro\/lexikon\/wp-json\/wp\/v2\/media?parent=14342"}],"wp:term":[{"taxonomy":"product_brand","embeddable":true,"href":"https:\/\/uj.adatbank.ro\/lexikon\/wp-json\/wp\/v2\/product_brand?post=14342"},{"taxonomy":"product_cat","embeddable":true,"href":"https:\/\/uj.adatbank.ro\/lexikon\/wp-json\/wp\/v2\/product_cat?post=14342"},{"taxonomy":"product_tag","embeddable":true,"href":"https:\/\/uj.adatbank.ro\/lexikon\/wp-json\/wp\/v2\/product_tag?post=14342"}],"curies":[{"name":"wp","href":"https:\/\/api.w.org\/{rel}","templated":true}]}}