{"id":14343,"date":"2025-07-15T12:58:37","date_gmt":"2025-07-15T10:58:37","guid":{"rendered":"https:\/\/uj.adatbank.ro\/lexikon\/termek\/magyarosi-mihaly\/"},"modified":"2025-07-15T12:58:37","modified_gmt":"2025-07-15T10:58:37","slug":"magyarosi-mihaly","status":"publish","type":"product","link":"https:\/\/uj.adatbank.ro\/lexikon\/termek\/magyarosi-mihaly\/","title":{"rendered":"MAGYAROSI Mih\u00e1ly"},"content":{"rendered":"<p>Nagykend (Maros), 1895., \u2020\u00a0?:  gazd\u00e1lkod\u00f3. \u2013 \u00d6n\u00e1ll\u00f3 gazda (1920\u2013) Nagykenden. A Hangya, a Gazdak\u00f6r \u00e9s a K\u00f6zbirtokoss\u00e1g eln\u00f6ke, a k\u00f6zs\u00e9g  b\u00edr\u00e1ja volt. Az els\u0151 vh.-ban az olasz fronton harcolt, k\u00e9tszer sebes\u00fclt. <br \/><strong>Irod.:<\/strong> Sz\u00e9kelyf\u00f6ld \u00ed.k.<\/br><\/p>\n","protected":false},"excerpt":{"rendered":"<p>Nagykend (Maros), 1895., \u2020\u00a0?: gazd\u00e1lkod\u00f3. \u2013 \u00d6n\u00e1ll\u00f3 gazda (1920\u2013) Nagykenden. A Hangya, a Gazdak\u00f6r \u00e9s a K\u00f6zbirtokoss\u00e1g eln\u00f6ke, a k\u00f6zs\u00e9g b\u00edr\u00e1ja volt. Az els\u0151 vh.-ban az olasz fronton harcolt, k\u00e9tszer sebes\u00fclt. Irod.: Sz\u00e9kelyf\u00f6ld \u00ed.k.<\/p>\n","protected":false},"featured_media":0,"comment_status":"open","ping_status":"closed","template":"","meta":[],"product_brand":[],"product_cat":[137],"product_tag":[],"class_list":{"0":"post-14343","1":"product","2":"type-product","3":"status-publish","5":"product_cat-maros-megyei-eletrajzi-lexikon","7":"first","8":"instock","9":"shipping-taxable","10":"product-type-simple"},"_links":{"self":[{"href":"https:\/\/uj.adatbank.ro\/lexikon\/wp-json\/wp\/v2\/product\/14343","targetHints":{"allow":["GET"]}}],"collection":[{"href":"https:\/\/uj.adatbank.ro\/lexikon\/wp-json\/wp\/v2\/product"}],"about":[{"href":"https:\/\/uj.adatbank.ro\/lexikon\/wp-json\/wp\/v2\/types\/product"}],"replies":[{"embeddable":true,"href":"https:\/\/uj.adatbank.ro\/lexikon\/wp-json\/wp\/v2\/comments?post=14343"}],"wp:attachment":[{"href":"https:\/\/uj.adatbank.ro\/lexikon\/wp-json\/wp\/v2\/media?parent=14343"}],"wp:term":[{"taxonomy":"product_brand","embeddable":true,"href":"https:\/\/uj.adatbank.ro\/lexikon\/wp-json\/wp\/v2\/product_brand?post=14343"},{"taxonomy":"product_cat","embeddable":true,"href":"https:\/\/uj.adatbank.ro\/lexikon\/wp-json\/wp\/v2\/product_cat?post=14343"},{"taxonomy":"product_tag","embeddable":true,"href":"https:\/\/uj.adatbank.ro\/lexikon\/wp-json\/wp\/v2\/product_tag?post=14343"}],"curies":[{"name":"wp","href":"https:\/\/api.w.org\/{rel}","templated":true}]}}