{"id":14344,"date":"2025-07-15T12:58:39","date_gmt":"2025-07-15T10:58:39","guid":{"rendered":"https:\/\/uj.adatbank.ro\/lexikon\/termek\/magyarosi-miklos\/"},"modified":"2025-07-15T12:58:39","modified_gmt":"2025-07-15T10:58:39","slug":"magyarosi-miklos","status":"publish","type":"product","link":"https:\/\/uj.adatbank.ro\/lexikon\/termek\/magyarosi-miklos\/","title":{"rendered":"MAGYAROSI Mikl\u00f3s"},"content":{"rendered":"<p>Csejd, 1921. szept. 8., \u2020 ?: \u0151rvezet\u0151. A II. vh. alatt a l\u00e9gv\u00e9delmi t\u00fcz\u00e9roszt\u00e1lyn\u00e1l szolg\u00e1lt, T\u00f3tpals\u00f3c k\u00f6rny\u00e9k\u00e9n szolg\u00e1lt, megsebes\u00fclt (1945. febr.10.). <br \/><strong>Irod.:<\/strong> Csejd \u2013T\u00f3falva<\/br><\/p>\n","protected":false},"excerpt":{"rendered":"<p>Csejd, 1921. szept. 8., \u2020 ?: \u0151rvezet\u0151. A II. vh. alatt a l\u00e9gv\u00e9delmi t\u00fcz\u00e9roszt\u00e1lyn\u00e1l szolg\u00e1lt, T\u00f3tpals\u00f3c k\u00f6rny\u00e9k\u00e9n szolg\u00e1lt, megsebes\u00fclt (1945. febr.10.). Irod.: Csejd \u2013T\u00f3falva<\/p>\n","protected":false},"featured_media":0,"comment_status":"open","ping_status":"closed","template":"","meta":[],"product_brand":[],"product_cat":[137],"product_tag":[],"class_list":{"0":"post-14344","1":"product","2":"type-product","3":"status-publish","5":"product_cat-maros-megyei-eletrajzi-lexikon","7":"first","8":"instock","9":"shipping-taxable","10":"product-type-simple"},"_links":{"self":[{"href":"https:\/\/uj.adatbank.ro\/lexikon\/wp-json\/wp\/v2\/product\/14344","targetHints":{"allow":["GET"]}}],"collection":[{"href":"https:\/\/uj.adatbank.ro\/lexikon\/wp-json\/wp\/v2\/product"}],"about":[{"href":"https:\/\/uj.adatbank.ro\/lexikon\/wp-json\/wp\/v2\/types\/product"}],"replies":[{"embeddable":true,"href":"https:\/\/uj.adatbank.ro\/lexikon\/wp-json\/wp\/v2\/comments?post=14344"}],"wp:attachment":[{"href":"https:\/\/uj.adatbank.ro\/lexikon\/wp-json\/wp\/v2\/media?parent=14344"}],"wp:term":[{"taxonomy":"product_brand","embeddable":true,"href":"https:\/\/uj.adatbank.ro\/lexikon\/wp-json\/wp\/v2\/product_brand?post=14344"},{"taxonomy":"product_cat","embeddable":true,"href":"https:\/\/uj.adatbank.ro\/lexikon\/wp-json\/wp\/v2\/product_cat?post=14344"},{"taxonomy":"product_tag","embeddable":true,"href":"https:\/\/uj.adatbank.ro\/lexikon\/wp-json\/wp\/v2\/product_tag?post=14344"}],"curies":[{"name":"wp","href":"https:\/\/api.w.org\/{rel}","templated":true}]}}