{"id":14349,"date":"2025-07-15T12:58:46","date_gmt":"2025-07-15T10:58:46","guid":{"rendered":"https:\/\/uj.adatbank.ro\/lexikon\/termek\/magyary-arpad\/"},"modified":"2025-07-15T12:58:46","modified_gmt":"2025-07-15T10:58:46","slug":"magyary-arpad","status":"publish","type":"product","link":"https:\/\/uj.adatbank.ro\/lexikon\/termek\/magyary-arpad\/","title":{"rendered":"MAGYARY \u00c1rp\u00e1d"},"content":{"rendered":"<p>1939., \u2020 Mv., 2008. m\u00e1j. 14.: orvos. \u2013A MOGYI orvoskar\u00e1n v\u00e9gzett (1964). F\u0151orvos volt K\u00fck\u00fcll\u0151sz\u00e9plakon (40 \u00e9vig).Kiss\u2013P\u00e9terffy\u2013P\u00e9terffy; <br \/><strong>Irod.:<\/strong> [Nekrol\u00f3g] (N\u00fa., 2008. m\u00e1j. 15.); <\/br><\/p>\n","protected":false},"excerpt":{"rendered":"<p>1939., \u2020 Mv., 2008. m\u00e1j. 14.: orvos. \u2013A MOGYI orvoskar\u00e1n v\u00e9gzett (1964). F\u0151orvos volt K\u00fck\u00fcll\u0151sz\u00e9plakon (40 \u00e9vig).Kiss\u2013P\u00e9terffy\u2013P\u00e9terffy; Irod.: [Nekrol\u00f3g] (N\u00fa., 2008. m\u00e1j. 15.);<\/p>\n","protected":false},"featured_media":0,"comment_status":"open","ping_status":"closed","template":"","meta":[],"product_brand":[],"product_cat":[137],"product_tag":[],"class_list":{"0":"post-14349","1":"product","2":"type-product","3":"status-publish","5":"product_cat-maros-megyei-eletrajzi-lexikon","7":"first","8":"instock","9":"shipping-taxable","10":"product-type-simple"},"_links":{"self":[{"href":"https:\/\/uj.adatbank.ro\/lexikon\/wp-json\/wp\/v2\/product\/14349","targetHints":{"allow":["GET"]}}],"collection":[{"href":"https:\/\/uj.adatbank.ro\/lexikon\/wp-json\/wp\/v2\/product"}],"about":[{"href":"https:\/\/uj.adatbank.ro\/lexikon\/wp-json\/wp\/v2\/types\/product"}],"replies":[{"embeddable":true,"href":"https:\/\/uj.adatbank.ro\/lexikon\/wp-json\/wp\/v2\/comments?post=14349"}],"wp:attachment":[{"href":"https:\/\/uj.adatbank.ro\/lexikon\/wp-json\/wp\/v2\/media?parent=14349"}],"wp:term":[{"taxonomy":"product_brand","embeddable":true,"href":"https:\/\/uj.adatbank.ro\/lexikon\/wp-json\/wp\/v2\/product_brand?post=14349"},{"taxonomy":"product_cat","embeddable":true,"href":"https:\/\/uj.adatbank.ro\/lexikon\/wp-json\/wp\/v2\/product_cat?post=14349"},{"taxonomy":"product_tag","embeddable":true,"href":"https:\/\/uj.adatbank.ro\/lexikon\/wp-json\/wp\/v2\/product_tag?post=14349"}],"curies":[{"name":"wp","href":"https:\/\/api.w.org\/{rel}","templated":true}]}}