{"id":14352,"date":"2025-07-15T12:58:54","date_gmt":"2025-07-15T10:58:54","guid":{"rendered":"https:\/\/uj.adatbank.ro\/lexikon\/termek\/magyary-kalman\/"},"modified":"2025-07-15T12:58:54","modified_gmt":"2025-07-15T10:58:54","slug":"magyary-kalman","status":"publish","type":"product","link":"https:\/\/uj.adatbank.ro\/lexikon\/termek\/magyary-kalman\/","title":{"rendered":"MAGYARY K\u00e1lm\u00e1n"},"content":{"rendered":"<p>? \u2020\u00a0?: k\u00f6ztisztvisel\u0151 Sz\u00e1szr\u00e9genben. \u2013 labdar\u00fag\u00f3 volt a MSE-ben, Sz\u00e1szr\u00e9genbe ker\u00fclve megalap\u00edtotta az amat\u00f6r nagyar sportegyes\u00fcletet, melynek el\u0151bb j\u00e1t\u00e9kosa, azut\u00e1n int\u00e9z\u0151je k\u00e9s\u0151bb titk\u00e1ra lett. A modern v\u00e1rosi sporttelep l\u00e9trehoz\u00e1s\u00e1ban \u00e9rt\u00e9kes munk\u00e1ss\u00e1got fejtett ki. <br \/><strong>Irod.:<\/strong> Pluh\u00e1r<\/br><\/p>\n","protected":false},"excerpt":{"rendered":"<p>? \u2020\u00a0?: k\u00f6ztisztvisel\u0151 Sz\u00e1szr\u00e9genben. \u2013 labdar\u00fag\u00f3 volt a MSE-ben, Sz\u00e1szr\u00e9genbe ker\u00fclve megalap\u00edtotta az amat\u00f6r nagyar sportegyes\u00fcletet, melynek el\u0151bb j\u00e1t\u00e9kosa, azut\u00e1n int\u00e9z\u0151je k\u00e9s\u0151bb titk\u00e1ra lett. A modern v\u00e1rosi sporttelep l\u00e9trehoz\u00e1s\u00e1ban \u00e9rt\u00e9kes munk\u00e1ss\u00e1got fejtett ki. Irod.: Pluh\u00e1r<\/p>\n","protected":false},"featured_media":0,"comment_status":"open","ping_status":"closed","template":"","meta":[],"product_brand":[],"product_cat":[137],"product_tag":[],"class_list":{"0":"post-14352","1":"product","2":"type-product","3":"status-publish","5":"product_cat-maros-megyei-eletrajzi-lexikon","7":"first","8":"instock","9":"shipping-taxable","10":"product-type-simple"},"_links":{"self":[{"href":"https:\/\/uj.adatbank.ro\/lexikon\/wp-json\/wp\/v2\/product\/14352","targetHints":{"allow":["GET"]}}],"collection":[{"href":"https:\/\/uj.adatbank.ro\/lexikon\/wp-json\/wp\/v2\/product"}],"about":[{"href":"https:\/\/uj.adatbank.ro\/lexikon\/wp-json\/wp\/v2\/types\/product"}],"replies":[{"embeddable":true,"href":"https:\/\/uj.adatbank.ro\/lexikon\/wp-json\/wp\/v2\/comments?post=14352"}],"wp:attachment":[{"href":"https:\/\/uj.adatbank.ro\/lexikon\/wp-json\/wp\/v2\/media?parent=14352"}],"wp:term":[{"taxonomy":"product_brand","embeddable":true,"href":"https:\/\/uj.adatbank.ro\/lexikon\/wp-json\/wp\/v2\/product_brand?post=14352"},{"taxonomy":"product_cat","embeddable":true,"href":"https:\/\/uj.adatbank.ro\/lexikon\/wp-json\/wp\/v2\/product_cat?post=14352"},{"taxonomy":"product_tag","embeddable":true,"href":"https:\/\/uj.adatbank.ro\/lexikon\/wp-json\/wp\/v2\/product_tag?post=14352"}],"curies":[{"name":"wp","href":"https:\/\/api.w.org\/{rel}","templated":true}]}}