{"id":14353,"date":"2025-07-15T12:58:55","date_gmt":"2025-07-15T10:58:55","guid":{"rendered":"https:\/\/uj.adatbank.ro\/lexikon\/termek\/magyary-levente\/"},"modified":"2025-07-15T12:58:55","modified_gmt":"2025-07-15T10:58:55","slug":"magyary-levente","status":"publish","type":"product","link":"https:\/\/uj.adatbank.ro\/lexikon\/termek\/magyary-levente\/","title":{"rendered":"MAGYARY Levente"},"content":{"rendered":"<p>R\u00e9gen, 1930.j\u00fan.15. \u2020 ? : technikus. \u2013 Elemi isk. Marosh\u00e9v\u00edzen \u00e9s Mv.-en, F\u00e9mipari Technikai K\u00f6z\u00e9piskol\u00e1t Mv.-en v\u00e9gzett, ahol vasmunk\u00e1s k\u00e9pes\u00edt\u00e9st kapott (1951). Azel\u0151tt R\u00e9genben a Bithler C\u00e9gn\u00e9l inaskodott (1946\u201347). Mv.-en megszerezte a C kateg\u00f3ri\u00e1j\u00fa vitorl\u00e1z\u00f3pilota jogos\u00edtv\u00e1nyt is (1948\u201350). \u00c9retts\u00e9gi ut\u00e1n Uceara (Brass\u00f3) a Sovromchim v\u00e1llalathoz helyezt\u00e9k technikusnak (1951\u2013). Katonai szolg\u00e1lat ut\u00e1n R\u00e9genben a L\u00e9ghaj\u00f3\u00e9p\u00edt\u0151 R\u00e9szlegre tervez\u0151technikusi beoszt\u00e1sba ker\u00fclt, majd mesterr\u00e9 l\u00e9ptett\u00e9k el\u0151, \u00e9s a vitorl\u00e1z\u00f3 rep\u00fcl\u0151g\u00e9pek \u00f6sszeszerel\u00e9s\u00e9t vezette (1956\u201362). Saj\u00e1t k\u00e9r\u00e9s\u00e9re a Republica V\u00e1llalatba helyezt\u00e9k mechanikusmesteri beoszt\u00e1sba (1962\u2013), majd oktatat\u00f3k\u00e9nt \u00e1thelyezt\u00e9k a Mez\u0151gazd.-isk.K\u00f6zpontba szakt\u00e1rgyakat \u00e9s traktorvezet\u00e9st tan\u00edtani (1963\u201366). Onnan a r\u00e9geni Progresul Sz\u00f6vetkezethez (Lemn-Metal) f\u00e9mipari technikusi posztba helyeztette mag\u00e1t. Hamarosan m\u0171helyvezet\u0151 lett, \u00e9s az elektromos-disel mozdonyokhoz sz\u00fcks\u00e9ges cserealkatr\u00e9szeket, valamint a mangaliai haj\u00f3gy\u00e1rnak termikus modulokat gy\u00e1rtottak. (1968\u2013). Onnan ment nyugd\u00edjba (1990). <br \/><strong>Irod.:<\/strong> Bartos \u2013Bitto-Magyary<\/br><\/p>\n","protected":false},"excerpt":{"rendered":"<p>R\u00e9gen, 1930.j\u00fan.15. \u2020 ? : technikus. \u2013 Elemi isk. Marosh\u00e9v\u00edzen \u00e9s Mv.-en, F\u00e9mipari Technikai K\u00f6z\u00e9piskol\u00e1t Mv.-en v\u00e9gzett, ahol vasmunk\u00e1s k\u00e9pes\u00edt\u00e9st kapott (1951). Azel\u0151tt R\u00e9genben a Bithler C\u00e9gn\u00e9l inaskodott (1946\u201347). Mv.-en megszerezte a C kateg\u00f3ri\u00e1j\u00fa vitorl\u00e1z\u00f3pilota jogos\u00edtv\u00e1nyt is (1948\u201350). \u00c9retts\u00e9gi ut\u00e1n Uceara (Brass\u00f3) a Sovromchim v\u00e1llalathoz helyezt\u00e9k technikusnak (1951\u2013). Katonai szolg\u00e1lat ut\u00e1n R\u00e9genben a L\u00e9ghaj\u00f3\u00e9p\u00edt\u0151 R\u00e9szlegre [&hellip;]<\/p>\n","protected":false},"featured_media":0,"comment_status":"open","ping_status":"closed","template":"","meta":[],"product_brand":[],"product_cat":[137],"product_tag":[],"class_list":{"0":"post-14353","1":"product","2":"type-product","3":"status-publish","5":"product_cat-maros-megyei-eletrajzi-lexikon","7":"first","8":"instock","9":"shipping-taxable","10":"product-type-simple"},"_links":{"self":[{"href":"https:\/\/uj.adatbank.ro\/lexikon\/wp-json\/wp\/v2\/product\/14353","targetHints":{"allow":["GET"]}}],"collection":[{"href":"https:\/\/uj.adatbank.ro\/lexikon\/wp-json\/wp\/v2\/product"}],"about":[{"href":"https:\/\/uj.adatbank.ro\/lexikon\/wp-json\/wp\/v2\/types\/product"}],"replies":[{"embeddable":true,"href":"https:\/\/uj.adatbank.ro\/lexikon\/wp-json\/wp\/v2\/comments?post=14353"}],"wp:attachment":[{"href":"https:\/\/uj.adatbank.ro\/lexikon\/wp-json\/wp\/v2\/media?parent=14353"}],"wp:term":[{"taxonomy":"product_brand","embeddable":true,"href":"https:\/\/uj.adatbank.ro\/lexikon\/wp-json\/wp\/v2\/product_brand?post=14353"},{"taxonomy":"product_cat","embeddable":true,"href":"https:\/\/uj.adatbank.ro\/lexikon\/wp-json\/wp\/v2\/product_cat?post=14353"},{"taxonomy":"product_tag","embeddable":true,"href":"https:\/\/uj.adatbank.ro\/lexikon\/wp-json\/wp\/v2\/product_tag?post=14353"}],"curies":[{"name":"wp","href":"https:\/\/api.w.org\/{rel}","templated":true}]}}