{"id":14354,"date":"2025-07-15T12:58:58","date_gmt":"2025-07-15T10:58:58","guid":{"rendered":"https:\/\/uj.adatbank.ro\/lexikon\/termek\/magyary-margit\/"},"modified":"2025-07-15T12:58:58","modified_gmt":"2025-07-15T10:58:58","slug":"magyary-margit","status":"publish","type":"product","link":"https:\/\/uj.adatbank.ro\/lexikon\/termek\/magyary-margit\/","title":{"rendered":"MAGYARY Margit"},"content":{"rendered":"<p>Buk., 1936.m\u00e1j.15. \u2020 R\u00e9gen, 2006 : f\u0151k\u00f6nyvel\u0151. \u2013 R\u00e9genben Magyar Ped. Isk.-t v\u00e9gzett (1953). Ugyanabban az \u00e9vben a r\u00e9geni I.F.I.L.Adminisztr\u00e1ci\u00f3s Oszt\u00e1ly\u00e1n k\u00f6nyvel\u0151 lett, majd az Aeronautikai R\u00e9szleg f\u0151k\u00f6nyvel\u0151je. Onnan ment nyugd\u00edjba (1990). <br \/><strong>Irod.:<\/strong> Bartos- Bitto-Magyary<\/br><\/p>\n","protected":false},"excerpt":{"rendered":"<p>Buk., 1936.m\u00e1j.15. \u2020 R\u00e9gen, 2006 : f\u0151k\u00f6nyvel\u0151. \u2013 R\u00e9genben Magyar Ped. Isk.-t v\u00e9gzett (1953). Ugyanabban az \u00e9vben a r\u00e9geni I.F.I.L.Adminisztr\u00e1ci\u00f3s Oszt\u00e1ly\u00e1n k\u00f6nyvel\u0151 lett, majd az Aeronautikai R\u00e9szleg f\u0151k\u00f6nyvel\u0151je. Onnan ment nyugd\u00edjba (1990). Irod.: Bartos- Bitto-Magyary<\/p>\n","protected":false},"featured_media":0,"comment_status":"open","ping_status":"closed","template":"","meta":[],"product_brand":[],"product_cat":[137],"product_tag":[],"class_list":{"0":"post-14354","1":"product","2":"type-product","3":"status-publish","5":"product_cat-maros-megyei-eletrajzi-lexikon","7":"first","8":"instock","9":"shipping-taxable","10":"product-type-simple"},"_links":{"self":[{"href":"https:\/\/uj.adatbank.ro\/lexikon\/wp-json\/wp\/v2\/product\/14354","targetHints":{"allow":["GET"]}}],"collection":[{"href":"https:\/\/uj.adatbank.ro\/lexikon\/wp-json\/wp\/v2\/product"}],"about":[{"href":"https:\/\/uj.adatbank.ro\/lexikon\/wp-json\/wp\/v2\/types\/product"}],"replies":[{"embeddable":true,"href":"https:\/\/uj.adatbank.ro\/lexikon\/wp-json\/wp\/v2\/comments?post=14354"}],"wp:attachment":[{"href":"https:\/\/uj.adatbank.ro\/lexikon\/wp-json\/wp\/v2\/media?parent=14354"}],"wp:term":[{"taxonomy":"product_brand","embeddable":true,"href":"https:\/\/uj.adatbank.ro\/lexikon\/wp-json\/wp\/v2\/product_brand?post=14354"},{"taxonomy":"product_cat","embeddable":true,"href":"https:\/\/uj.adatbank.ro\/lexikon\/wp-json\/wp\/v2\/product_cat?post=14354"},{"taxonomy":"product_tag","embeddable":true,"href":"https:\/\/uj.adatbank.ro\/lexikon\/wp-json\/wp\/v2\/product_tag?post=14354"}],"curies":[{"name":"wp","href":"https:\/\/api.w.org\/{rel}","templated":true}]}}