{"id":14359,"date":"2025-07-15T12:59:08","date_gmt":"2025-07-15T10:59:08","guid":{"rendered":"https:\/\/uj.adatbank.ro\/lexikon\/termek\/maier-gavril\/"},"modified":"2025-07-15T12:59:08","modified_gmt":"2025-07-15T10:59:08","slug":"maier-gavril","status":"publish","type":"product","link":"https:\/\/uj.adatbank.ro\/lexikon\/termek\/maier-gavril\/","title":{"rendered":"MAIER Gavril"},"content":{"rendered":"<p>? \u2020 ?: ort. pap. \u2013 Csobot\u00e1nyban szolg\u00e1lata idej\u00e9ben a Sf. Ierarh Nicolae fatemplomot (\u00e9p\u00fclt 1890) a vas\u00fat \u00e9p\u00edt\u00e9se miatt elk\u00f6lt\u00f6ztett\u00e9k arra a helyre, ahol ma is \u00e1ll (1910\u201311). Birdas Emilian, gyulafeh\u00e9rv\u00e1ri p\u00fcsp\u00f6k, gyakran mis\u00e9zett ebben a kis templomban, amikor \u0151 a marosh\u00e9v\u00edzi Sf.Ilie kolostorban tart\u00f3zkodott (1940\u201344). Napjainkban a templom sok turist\u00e1t vonz. <br \/><strong>Irod.:<\/strong> Reghin, Protopopiat<\/br><\/p>\n","protected":false},"excerpt":{"rendered":"<p>? \u2020 ?: ort. pap. \u2013 Csobot\u00e1nyban szolg\u00e1lata idej\u00e9ben a Sf. Ierarh Nicolae fatemplomot (\u00e9p\u00fclt 1890) a vas\u00fat \u00e9p\u00edt\u00e9se miatt elk\u00f6lt\u00f6ztett\u00e9k arra a helyre, ahol ma is \u00e1ll (1910\u201311). Birdas Emilian, gyulafeh\u00e9rv\u00e1ri p\u00fcsp\u00f6k, gyakran mis\u00e9zett ebben a kis templomban, amikor \u0151 a marosh\u00e9v\u00edzi Sf.Ilie kolostorban tart\u00f3zkodott (1940\u201344). Napjainkban a templom sok turist\u00e1t vonz. Irod.: Reghin, [&hellip;]<\/p>\n","protected":false},"featured_media":0,"comment_status":"open","ping_status":"closed","template":"","meta":[],"product_brand":[],"product_cat":[137],"product_tag":[],"class_list":{"0":"post-14359","1":"product","2":"type-product","3":"status-publish","5":"product_cat-maros-megyei-eletrajzi-lexikon","7":"first","8":"instock","9":"shipping-taxable","10":"product-type-simple"},"_links":{"self":[{"href":"https:\/\/uj.adatbank.ro\/lexikon\/wp-json\/wp\/v2\/product\/14359","targetHints":{"allow":["GET"]}}],"collection":[{"href":"https:\/\/uj.adatbank.ro\/lexikon\/wp-json\/wp\/v2\/product"}],"about":[{"href":"https:\/\/uj.adatbank.ro\/lexikon\/wp-json\/wp\/v2\/types\/product"}],"replies":[{"embeddable":true,"href":"https:\/\/uj.adatbank.ro\/lexikon\/wp-json\/wp\/v2\/comments?post=14359"}],"wp:attachment":[{"href":"https:\/\/uj.adatbank.ro\/lexikon\/wp-json\/wp\/v2\/media?parent=14359"}],"wp:term":[{"taxonomy":"product_brand","embeddable":true,"href":"https:\/\/uj.adatbank.ro\/lexikon\/wp-json\/wp\/v2\/product_brand?post=14359"},{"taxonomy":"product_cat","embeddable":true,"href":"https:\/\/uj.adatbank.ro\/lexikon\/wp-json\/wp\/v2\/product_cat?post=14359"},{"taxonomy":"product_tag","embeddable":true,"href":"https:\/\/uj.adatbank.ro\/lexikon\/wp-json\/wp\/v2\/product_tag?post=14359"}],"curies":[{"name":"wp","href":"https:\/\/api.w.org\/{rel}","templated":true}]}}