{"id":14362,"date":"2025-07-15T12:59:16","date_gmt":"2025-07-15T10:59:16","guid":{"rendered":"https:\/\/uj.adatbank.ro\/lexikon\/termek\/maier-gheorghe-alexandru-gyuri\/"},"modified":"2025-07-15T12:59:16","modified_gmt":"2025-07-15T10:59:16","slug":"maier-gheorghe-alexandru-gyuri","status":"publish","type":"product","link":"https:\/\/uj.adatbank.ro\/lexikon\/termek\/maier-gheorghe-alexandru-gyuri\/","title":{"rendered":"MAIER, Gheorghe Alexandru Gyuri"},"content":{"rendered":"<p>Mv., 1934., \u2020 Mv., 2012: orvos. -: Egyetemi hallgat\u00f3, apj\u00e1t politikai \u00fcgy miatt letart\u00f3ztatt\u00e1k (1956), majd \u0151t is letart\u00f3ztatt\u00e1k. B\u00f6rt\u00f6n \u00e9vei alatt orvos \u2013asszisztensi feladatokat v\u00e9gzett. Folytatta egyetemi tanulm\u00e1nyait az OGYI orvosi kar\u00e1n. N\u00e1das k\u00f6zs\u00e9gben, majd S\u00e1rpatakon volt k\u00f6rzeti orvos t\u00f6bb \u00e9vig. <br \/><strong>Irod.:<\/strong> Kiss-P.- P<\/br><\/p>\n","protected":false},"excerpt":{"rendered":"<p>Mv., 1934., \u2020 Mv., 2012: orvos. -: Egyetemi hallgat\u00f3, apj\u00e1t politikai \u00fcgy miatt letart\u00f3ztatt\u00e1k (1956), majd \u0151t is letart\u00f3ztatt\u00e1k. B\u00f6rt\u00f6n \u00e9vei alatt orvos \u2013asszisztensi feladatokat v\u00e9gzett. Folytatta egyetemi tanulm\u00e1nyait az OGYI orvosi kar\u00e1n. N\u00e1das k\u00f6zs\u00e9gben, majd S\u00e1rpatakon volt k\u00f6rzeti orvos t\u00f6bb \u00e9vig. Irod.: Kiss-P.- P<\/p>\n","protected":false},"featured_media":0,"comment_status":"open","ping_status":"closed","template":"","meta":[],"product_brand":[],"product_cat":[137],"product_tag":[],"class_list":{"0":"post-14362","1":"product","2":"type-product","3":"status-publish","5":"product_cat-maros-megyei-eletrajzi-lexikon","7":"first","8":"instock","9":"shipping-taxable","10":"product-type-simple"},"_links":{"self":[{"href":"https:\/\/uj.adatbank.ro\/lexikon\/wp-json\/wp\/v2\/product\/14362","targetHints":{"allow":["GET"]}}],"collection":[{"href":"https:\/\/uj.adatbank.ro\/lexikon\/wp-json\/wp\/v2\/product"}],"about":[{"href":"https:\/\/uj.adatbank.ro\/lexikon\/wp-json\/wp\/v2\/types\/product"}],"replies":[{"embeddable":true,"href":"https:\/\/uj.adatbank.ro\/lexikon\/wp-json\/wp\/v2\/comments?post=14362"}],"wp:attachment":[{"href":"https:\/\/uj.adatbank.ro\/lexikon\/wp-json\/wp\/v2\/media?parent=14362"}],"wp:term":[{"taxonomy":"product_brand","embeddable":true,"href":"https:\/\/uj.adatbank.ro\/lexikon\/wp-json\/wp\/v2\/product_brand?post=14362"},{"taxonomy":"product_cat","embeddable":true,"href":"https:\/\/uj.adatbank.ro\/lexikon\/wp-json\/wp\/v2\/product_cat?post=14362"},{"taxonomy":"product_tag","embeddable":true,"href":"https:\/\/uj.adatbank.ro\/lexikon\/wp-json\/wp\/v2\/product_tag?post=14362"}],"curies":[{"name":"wp","href":"https:\/\/api.w.org\/{rel}","templated":true}]}}