{"id":14367,"date":"2025-07-15T12:59:26","date_gmt":"2025-07-15T10:59:26","guid":{"rendered":"https:\/\/uj.adatbank.ro\/lexikon\/termek\/mailath-sandor\/"},"modified":"2025-07-15T12:59:26","modified_gmt":"2025-07-15T10:59:26","slug":"mailath-sandor","status":"publish","type":"product","link":"https:\/\/uj.adatbank.ro\/lexikon\/termek\/mailath-sandor\/","title":{"rendered":"MAIL\u00c1TH S\u00e1ndor"},"content":{"rendered":"<p>1899., \u2020\u00a0?: asztalos. \u2013 Iskol\u00e1it Mv.-en v\u00e9gezte, az asztalosipart tanulta ki, megalap\u00edtotta Mv.-en a Hargita Parkettk\u00e9sz\u00edt\u0151 \u00fczemet (1941). A MP tagja, az Iparosegyes\u00fclet vezet\u0151s\u00e9gi tagja, a Ref. Dalk\u00f6r \u00e9s a M\u0171kedvel\u0151 T\u00e1rsulat alap\u00edt\u00f3 tagja, a hazafias \u00e9s kultur\u00e1lis egyes\u00fcletek buzg\u00f3 t\u00e1mogat\u00f3ja volt.. Az els\u0151 vh.-ban az olasz \u00e9s francia fronton harcolt, a II. o. ez\u00fcst, a bronz vit. \u00e9. \u00e9s a K\u00e1roly Csapatkereszt kit\u00fcntetettje volt. <br \/><strong>Irod.:<\/strong> Sz\u00e9kelyf\u00f6ld \u00ed.k.<\/br><\/p>\n","protected":false},"excerpt":{"rendered":"<p>1899., \u2020\u00a0?: asztalos. \u2013 Iskol\u00e1it Mv.-en v\u00e9gezte, az asztalosipart tanulta ki, megalap\u00edtotta Mv.-en a Hargita Parkettk\u00e9sz\u00edt\u0151 \u00fczemet (1941). A MP tagja, az Iparosegyes\u00fclet vezet\u0151s\u00e9gi tagja, a Ref. Dalk\u00f6r \u00e9s a M\u0171kedvel\u0151 T\u00e1rsulat alap\u00edt\u00f3 tagja, a hazafias \u00e9s kultur\u00e1lis egyes\u00fcletek buzg\u00f3 t\u00e1mogat\u00f3ja volt.. Az els\u0151 vh.-ban az olasz \u00e9s francia fronton harcolt, a II. o. ez\u00fcst, [&hellip;]<\/p>\n","protected":false},"featured_media":0,"comment_status":"open","ping_status":"closed","template":"","meta":[],"product_brand":[],"product_cat":[137],"product_tag":[],"class_list":{"0":"post-14367","1":"product","2":"type-product","3":"status-publish","5":"product_cat-maros-megyei-eletrajzi-lexikon","7":"first","8":"instock","9":"shipping-taxable","10":"product-type-simple"},"_links":{"self":[{"href":"https:\/\/uj.adatbank.ro\/lexikon\/wp-json\/wp\/v2\/product\/14367","targetHints":{"allow":["GET"]}}],"collection":[{"href":"https:\/\/uj.adatbank.ro\/lexikon\/wp-json\/wp\/v2\/product"}],"about":[{"href":"https:\/\/uj.adatbank.ro\/lexikon\/wp-json\/wp\/v2\/types\/product"}],"replies":[{"embeddable":true,"href":"https:\/\/uj.adatbank.ro\/lexikon\/wp-json\/wp\/v2\/comments?post=14367"}],"wp:attachment":[{"href":"https:\/\/uj.adatbank.ro\/lexikon\/wp-json\/wp\/v2\/media?parent=14367"}],"wp:term":[{"taxonomy":"product_brand","embeddable":true,"href":"https:\/\/uj.adatbank.ro\/lexikon\/wp-json\/wp\/v2\/product_brand?post=14367"},{"taxonomy":"product_cat","embeddable":true,"href":"https:\/\/uj.adatbank.ro\/lexikon\/wp-json\/wp\/v2\/product_cat?post=14367"},{"taxonomy":"product_tag","embeddable":true,"href":"https:\/\/uj.adatbank.ro\/lexikon\/wp-json\/wp\/v2\/product_tag?post=14367"}],"curies":[{"name":"wp","href":"https:\/\/api.w.org\/{rel}","templated":true}]}}