{"id":14368,"date":"2025-07-15T12:59:27","date_gmt":"2025-07-15T10:59:27","guid":{"rendered":"https:\/\/uj.adatbank.ro\/lexikon\/termek\/maior-dicsoszentmartoni-csalad\/"},"modified":"2025-07-15T12:59:27","modified_gmt":"2025-07-15T10:59:27","slug":"maior-dicsoszentmartoni-csalad","status":"publish","type":"product","link":"https:\/\/uj.adatbank.ro\/lexikon\/termek\/maior-dicsoszentmartoni-csalad\/","title":{"rendered":"MAIOR, dics\u0151szentm\u00e1rtoni csal\u00e1d"},"content":{"rendered":"<p>Maior de Dics\u0151szentm\u00e1rton fam.). <br \/><strong>Irod.:<\/strong> Nagy Iv\u00e1n<\/br><\/p>\n","protected":false},"excerpt":{"rendered":"<p>Maior de Dics\u0151szentm\u00e1rton fam.). Irod.: Nagy Iv\u00e1n<\/p>\n","protected":false},"featured_media":0,"comment_status":"open","ping_status":"closed","template":"","meta":[],"product_brand":[],"product_cat":[137],"product_tag":[],"class_list":{"0":"post-14368","1":"product","2":"type-product","3":"status-publish","5":"product_cat-maros-megyei-eletrajzi-lexikon","7":"first","8":"instock","9":"shipping-taxable","10":"product-type-simple"},"_links":{"self":[{"href":"https:\/\/uj.adatbank.ro\/lexikon\/wp-json\/wp\/v2\/product\/14368","targetHints":{"allow":["GET"]}}],"collection":[{"href":"https:\/\/uj.adatbank.ro\/lexikon\/wp-json\/wp\/v2\/product"}],"about":[{"href":"https:\/\/uj.adatbank.ro\/lexikon\/wp-json\/wp\/v2\/types\/product"}],"replies":[{"embeddable":true,"href":"https:\/\/uj.adatbank.ro\/lexikon\/wp-json\/wp\/v2\/comments?post=14368"}],"wp:attachment":[{"href":"https:\/\/uj.adatbank.ro\/lexikon\/wp-json\/wp\/v2\/media?parent=14368"}],"wp:term":[{"taxonomy":"product_brand","embeddable":true,"href":"https:\/\/uj.adatbank.ro\/lexikon\/wp-json\/wp\/v2\/product_brand?post=14368"},{"taxonomy":"product_cat","embeddable":true,"href":"https:\/\/uj.adatbank.ro\/lexikon\/wp-json\/wp\/v2\/product_cat?post=14368"},{"taxonomy":"product_tag","embeddable":true,"href":"https:\/\/uj.adatbank.ro\/lexikon\/wp-json\/wp\/v2\/product_tag?post=14368"}],"curies":[{"name":"wp","href":"https:\/\/api.w.org\/{rel}","templated":true}]}}