{"id":14371,"date":"2025-07-15T12:59:33","date_gmt":"2025-07-15T10:59:33","guid":{"rendered":"https:\/\/uj.adatbank.ro\/lexikon\/termek\/maior-augustin-agoston\/"},"modified":"2025-07-15T12:59:33","modified_gmt":"2025-07-15T10:59:33","slug":"maior-augustin-agoston","status":"publish","type":"product","link":"https:\/\/uj.adatbank.ro\/lexikon\/termek\/maior-augustin-agoston\/","title":{"rendered":"MAIOR, Augustin, \u00c1goston"},"content":{"rendered":"<p>Sz\u00e1szr\u00e9gen, 1882. aug. 21., \u2020 Kv., 1963. okt. 3.\u00a0: m\u00e9rn\u00f6k, fizikus, egyetemi tan\u00e1r. \u2013 Elemi iskol\u00e1it Sz\u00e1szr\u00e9genben (1892\u201396), a k\u00f6z\u00e9piskol\u00e1t a mv.-i R. K. Gimn\u00e1ziumban (1896\u201397), a bp.-i piarist\u00e1kn\u00e1l v\u00e9gezte, ahol \u00e9retts\u00e9gizett (1897\u20131900), majd a bp.-i MKTE m\u0171szaki kar\u00e1n folytatta (1900\u201305) m\u00e9rn\u00f6ki, sz\u00e1mtan \u00e9s fizika tanulm\u00e1nyait. Elm\u00e9leti fizik\u00e1t \u00e9s fels\u0151 matematik\u00e1t M\u00fcnchenben, B\u00e9csben \u00e9s G\u00f6ttingenben is hallgatott (1905\u201306), professzorai k\u00f6z\u00f6tt Planck, \u00c1brah\u00e1m, R\u00f6ntgen eml\u00edthet\u0151k. Visszat\u00e9rt Bp.-re, ahol m\u00e9rn\u00f6ki diplom\u00e1t kapott, a postaigazgat\u00f3s\u00e1g kutat\u00f3 laborat\u00f3rium\u00e1ban kezdte szakmai p\u00e1ly\u00e1j\u00e1t (1905. dec.1. \u2013), kapcsolatba ker\u00fclt a t\u00e1v\u00edr\u00f3 \u00e9s t\u00e1vbesz\u00e9l\u0151 k\u00e9sz\u00fcl\u00e9kek kis\u00e9rleteivel, eredm\u00e9nyeit a n\u00e9met Elektonische Zeitschrift- ben k\u00f6z\u00f6lte; az els\u0151 volt a vil\u00e1gon, aki kis\u00e9rletileg megval\u00f3s\u00edtotta az egy vonalon val\u00f3 t\u00f6bb m\u0171veleti t\u00e1vbesz\u00e9l\u00e9st (1906\u20131908); elismer\u00e9sk\u00e9nt bev\u00e1lsztott\u00e1k a Magyar Posta vezet\u0151tan\u00e1cs\u00e1ba Bp.-en (1912). Feles\u00e9g\u00fcl vette a g\u00f6rg\u00e9nyoroszfalvi Alexandrina Precupot (1916) \u00e9s a nagy egyes\u00fcl\u00e9s ut\u00e1n visszat\u00e9rt Erd\u00e9lybe. A kv.-i Erd\u00e9lyi Posta igazgazgat\u00f3s\u00e1g (PTT) vez\u00e9rigazgat\u00f3ja (1919\u201320); a Kereskedelmi Akad\u00e9mi\u00e1n volt tan\u00e1r (1922\u201323); a kv.-i egyetem d\u00e9k\u00e1nja (1929\u201330; 1945\u201346) \u00e9s prod\u00e9k\u00e1nja, els\u0151k\u00e9nt tan\u00edtotta rom\u00e1n nyelven az elm\u00e9leti fizik\u00e1t (1919\u201340). A rom\u00e1n fizikaiskola megalapjt\u00f3jak\u00e9nt tartj\u00e1k sz\u00e1mon, tan\u00edtv\u00e1nyainak egyetemi jegyzeteket \u00edrt \u00e9s adott ki; Szebenben \u0151 l\u00e9tes\u00edtette az els\u0151 erd\u00e9lyi telefon \u00e9s t\u00e1virda kezel\u0151k iskol\u00e1j\u00e1t (1919). A kv.-i rom\u00e1n egyetem, a B\u00e9csi Dikt\u00e1tum k\u00f6vetkezt\u00e9ben, Temesv\u00e1rra k\u00f6lt\u00f6z\u00f6tt (1940\u2013), vele egy\u00fctt Maior is, aki ott folytatta tudom\u00e1nyos munk\u00e1ss\u00e1g\u00e1t, kitett\u00e9k az egyetemr\u0151l (1941\u2013), visszavett\u00e9k (1942\u2013), a temesv\u00e1ri egyetem d\u00e9k\u00e1nja volt (1929\u201330 \u00e9s 1946\u201347), nyugd\u00edjba vonult (1847), de folytatta tudom\u00e1nyos munk\u00e1ss\u00e1g\u00e1t az egyetem keret\u00e9ben. A Rom\u00e1n Akad\u00e9mia tagja. R\u00e9szt vett az Enciplopedia Rom\u00e2n\u0103 Minerva szerkeszt\u00e9s\u00e9ben, a matematika, fizika \u00e9s m\u0171szaki tudom\u00e1nyok meg\u00edr\u00e1s\u00e1val; szaklapokban k\u00f6z\u00f6lte tudom\u00e1nyos cikkeit: Phisikalische Zeitschrift, Leipzig ; Electrical World; Elektrotechnische Zeitschrift, Berlin; A Magyar M\u00e9rn\u00f6k- \u00e9s \u00c9p\u00edt\u00e9sz \u2013 Egylet K\u00f6zl\u00f6nye, Bp.; The Electrician, London; Bulletin de la Soci\u00e9t\u00e9 de Sciences de Cluj; Revue G\u00e9n\u00e9rale de l\u2019 Electricit\u00e9, Paris; Societatea de M\u00e2ine; \u0162ara B\u00e2rsei; Patria; Bulletin de la Section Scientifique de l\u2019 Acad\u00e9mie Roumaine; Buletinul \u015etiin\u0163ific (Cluj); Elektrotechnika, Bp. A sz\u00e1szr\u00e9geni volt \u00e1ltal\u00e1nos 5. sz. iskola felvette az A. M. \u00c1llami Gimn\u00e1zium nevet (1994. m\u00e1rc. 21.). \u2013 F. m. : Electricitate \u015fi magnetism (1921); Acustic\u0103 \u015fi optic\u0103: curs (1921); Curs de acustic\u0103 \u015fi optic\u0103 (Cluj, 1928\u20131929); Curs de electricitate \u015fi magnetism (Cluj, 1929\u20131930; 936); Electrostatica \u015fi magnetistica (Cluj, 1943); Electromagnetica.(Cluj, 1943); Problema clasic\u0103 a atomului (Atomul lui Bohr) (Cluj, 1934); Statistic\u0103 cuanter\u0103 (Cluj, 1933); Teoria electricit\u0103\u0163ii \u015fi a magnetismului (Cluj, 1925\u20131926); Teoria electronilor \u015fi teoria relativit\u0103\u0163ii (Cluj, 1944); Teoria vibra\u0163iilor (Cluj, 1926\u20131927); <strong>t\u00e1rssz.:<\/strong> Enciclopedia Rom\u00e2n\u0103 (Cluj, 1929); Lucr\u0103ri practice de fizic\u0103 (Cluj, 1971).\u00c9rdemei elismer\u00e9sek\u00e9nt kit\u00fcntett\u00e9k a R\u0103splata muncii pentru \u00eenv\u0103\u0163\u0103m\u00e2nt I. oszt. (1930) \u00e9s Coroana Rom\u00e2niei \u00e9rdemrendekkel; \u00e9rdemnyugd\u00edjjal viszonozt\u00e1k tev\u00e9kenys\u00e9g\u00e9t (1956\u2013). <br \/><strong>Irod.:<\/strong> B\u00edr\u00f3 D\u00f3n\u00e1t; C.l. (2004. \u00e1pr. 22.); Chiorean 2008; Clujeni ai sec. XX; Contribu\u0163iile lui Augustin Maior la dezvoltarea telefoniei multiple (Buc., 1980); DER; EMP; Focul viu (Buc., 1962); Dic\u0163ionar cronologic al \u015ftiin\u0163ei \u015fi tehnicii universale (Buc., 1979); Gazeta Regh. (1994. mai., dec.); Guly\u00e1s; Marian, Victor; MDE; Netea: Mure\u015ful superior; Zoe P\u00eer\u0103ianu: Gimnaziul de sat \u201eA. M.\u201d (Gazeta Reghinului, nr. 5., 1994); Predescu; Profiluri reghinene; Regh. cult. 2.; Sigmirean; Todea\u2013F\u00fcl\u00f6p\u2013Avram ; Transilvania; Tu\u015fnea, Ion: Din via\u0163a \u015fi activitatea lui A. M. (Gazeta Reghinului, nr. 5., 1994); La vie scientifique en Roumanie (Buc., 1937)<\/br><\/p>\n","protected":false},"excerpt":{"rendered":"<p>Sz\u00e1szr\u00e9gen, 1882. aug. 21., \u2020 Kv., 1963. okt. 3.\u00a0: m\u00e9rn\u00f6k, fizikus, egyetemi tan\u00e1r. \u2013 Elemi iskol\u00e1it Sz\u00e1szr\u00e9genben (1892\u201396), a k\u00f6z\u00e9piskol\u00e1t a mv.-i R. K. Gimn\u00e1ziumban (1896\u201397), a bp.-i piarist\u00e1kn\u00e1l v\u00e9gezte, ahol \u00e9retts\u00e9gizett (1897\u20131900), majd a bp.-i MKTE m\u0171szaki kar\u00e1n folytatta (1900\u201305) m\u00e9rn\u00f6ki, sz\u00e1mtan \u00e9s fizika tanulm\u00e1nyait. Elm\u00e9leti fizik\u00e1t \u00e9s fels\u0151 matematik\u00e1t M\u00fcnchenben, B\u00e9csben \u00e9s G\u00f6ttingenben [&hellip;]<\/p>\n","protected":false},"featured_media":0,"comment_status":"open","ping_status":"closed","template":"","meta":[],"product_brand":[],"product_cat":[137],"product_tag":[],"class_list":{"0":"post-14371","1":"product","2":"type-product","3":"status-publish","5":"product_cat-maros-megyei-eletrajzi-lexikon","7":"first","8":"instock","9":"shipping-taxable","10":"product-type-simple"},"_links":{"self":[{"href":"https:\/\/uj.adatbank.ro\/lexikon\/wp-json\/wp\/v2\/product\/14371","targetHints":{"allow":["GET"]}}],"collection":[{"href":"https:\/\/uj.adatbank.ro\/lexikon\/wp-json\/wp\/v2\/product"}],"about":[{"href":"https:\/\/uj.adatbank.ro\/lexikon\/wp-json\/wp\/v2\/types\/product"}],"replies":[{"embeddable":true,"href":"https:\/\/uj.adatbank.ro\/lexikon\/wp-json\/wp\/v2\/comments?post=14371"}],"wp:attachment":[{"href":"https:\/\/uj.adatbank.ro\/lexikon\/wp-json\/wp\/v2\/media?parent=14371"}],"wp:term":[{"taxonomy":"product_brand","embeddable":true,"href":"https:\/\/uj.adatbank.ro\/lexikon\/wp-json\/wp\/v2\/product_brand?post=14371"},{"taxonomy":"product_cat","embeddable":true,"href":"https:\/\/uj.adatbank.ro\/lexikon\/wp-json\/wp\/v2\/product_cat?post=14371"},{"taxonomy":"product_tag","embeddable":true,"href":"https:\/\/uj.adatbank.ro\/lexikon\/wp-json\/wp\/v2\/product_tag?post=14371"}],"curies":[{"name":"wp","href":"https:\/\/api.w.org\/{rel}","templated":true}]}}