{"id":14373,"date":"2025-07-15T12:59:41","date_gmt":"2025-07-15T10:59:41","guid":{"rendered":"https:\/\/uj.adatbank.ro\/lexikon\/termek\/maior-eliseu\/"},"modified":"2025-07-15T12:59:41","modified_gmt":"2025-07-15T10:59:41","slug":"maior-eliseu","status":"publish","type":"product","link":"https:\/\/uj.adatbank.ro\/lexikon\/termek\/maior-eliseu\/","title":{"rendered":"MAIOR, Eliseu"},"content":{"rendered":"<p>Hod\u00e1k, ? \u2020 Hodak, 1869 aug.10 ( a Marosba fulladt) : g\u00f6r. kat. lelk\u00e9sz. \u2013 Liceumot \u00e9s teol\u00f3gi\u00e1t Bal\u00e1zsfalv\u00e1n v\u00e9gzett. Hod\u00e1kon, a szint\u00e9n pap apja hely\u00e9t vette \u00e1t (1829\u2013), ahol a rom\u00e1n gyermekek tan\u00edt\u00e1s\u00e1t is v\u00e9gezte. R\u00e9szt vett a Marosmagyar\u00f3i n\u00e9p\u00fcnnep\u00e9lyen, ahol a jobb\u00e1gys\u00e1g felszabad\u00edt\u00e1s\u00e1t mondt\u00e1k ki (1848 j\u00fan. 29). A forradalom ideje alatt egyik fi\u00e1t (Ioan), aki tribun volt, letartoztatt\u00e1k \u00e9s hal\u00e1lra \u00edt\u00e9lt\u00e9k. <br \/><strong>Irod.:<\/strong> Maior Beniamin Ioan: Monografia satului Maiore\u015fti ( Blaj, 2008.)<\/br><\/p>\n","protected":false},"excerpt":{"rendered":"<p>Hod\u00e1k, ? \u2020 Hodak, 1869 aug.10 ( a Marosba fulladt) : g\u00f6r. kat. lelk\u00e9sz. \u2013 Liceumot \u00e9s teol\u00f3gi\u00e1t Bal\u00e1zsfalv\u00e1n v\u00e9gzett. Hod\u00e1kon, a szint\u00e9n pap apja hely\u00e9t vette \u00e1t (1829\u2013), ahol a rom\u00e1n gyermekek tan\u00edt\u00e1s\u00e1t is v\u00e9gezte. R\u00e9szt vett a Marosmagyar\u00f3i n\u00e9p\u00fcnnep\u00e9lyen, ahol a jobb\u00e1gys\u00e1g felszabad\u00edt\u00e1s\u00e1t mondt\u00e1k ki (1848 j\u00fan. 29). A forradalom ideje alatt egyik [&hellip;]<\/p>\n","protected":false},"featured_media":0,"comment_status":"open","ping_status":"closed","template":"","meta":[],"product_brand":[],"product_cat":[137],"product_tag":[],"class_list":{"0":"post-14373","1":"product","2":"type-product","3":"status-publish","5":"product_cat-maros-megyei-eletrajzi-lexikon","7":"first","8":"instock","9":"shipping-taxable","10":"product-type-simple"},"_links":{"self":[{"href":"https:\/\/uj.adatbank.ro\/lexikon\/wp-json\/wp\/v2\/product\/14373","targetHints":{"allow":["GET"]}}],"collection":[{"href":"https:\/\/uj.adatbank.ro\/lexikon\/wp-json\/wp\/v2\/product"}],"about":[{"href":"https:\/\/uj.adatbank.ro\/lexikon\/wp-json\/wp\/v2\/types\/product"}],"replies":[{"embeddable":true,"href":"https:\/\/uj.adatbank.ro\/lexikon\/wp-json\/wp\/v2\/comments?post=14373"}],"wp:attachment":[{"href":"https:\/\/uj.adatbank.ro\/lexikon\/wp-json\/wp\/v2\/media?parent=14373"}],"wp:term":[{"taxonomy":"product_brand","embeddable":true,"href":"https:\/\/uj.adatbank.ro\/lexikon\/wp-json\/wp\/v2\/product_brand?post=14373"},{"taxonomy":"product_cat","embeddable":true,"href":"https:\/\/uj.adatbank.ro\/lexikon\/wp-json\/wp\/v2\/product_cat?post=14373"},{"taxonomy":"product_tag","embeddable":true,"href":"https:\/\/uj.adatbank.ro\/lexikon\/wp-json\/wp\/v2\/product_tag?post=14373"}],"curies":[{"name":"wp","href":"https:\/\/api.w.org\/{rel}","templated":true}]}}