{"id":14379,"date":"2025-07-15T12:59:52","date_gmt":"2025-07-15T10:59:52","guid":{"rendered":"https:\/\/uj.adatbank.ro\/lexikon\/termek\/maior-gregoriu-petre\/"},"modified":"2025-07-15T12:59:52","modified_gmt":"2025-07-15T10:59:52","slug":"maior-gregoriu-petre","status":"publish","type":"product","link":"https:\/\/uj.adatbank.ro\/lexikon\/termek\/maior-gregoriu-petre\/","title":{"rendered":"MAIOR, Gregoriu Petre"},"content":{"rendered":"<p>Dics\u0151szentm\u00e1rton, 1920. febr. 18., \u2020 ?: k\u00e9pvisel\u0151. \u2013 Jogot v\u00e9gzett; Szebenben \u00e9lt, a Nemzeti Demokratikus Kereszt\u00e9ny Parasztp\u00e1rt (PN\u0162CD) szebeni k\u00e9pvisel\u0151je. <br \/><strong>Irod.:<\/strong> MMK<\/br><\/p>\n","protected":false},"excerpt":{"rendered":"<p>Dics\u0151szentm\u00e1rton, 1920. febr. 18., \u2020 ?: k\u00e9pvisel\u0151. \u2013 Jogot v\u00e9gzett; Szebenben \u00e9lt, a Nemzeti Demokratikus Kereszt\u00e9ny Parasztp\u00e1rt (PN\u0162CD) szebeni k\u00e9pvisel\u0151je. Irod.: MMK<\/p>\n","protected":false},"featured_media":0,"comment_status":"open","ping_status":"closed","template":"","meta":[],"product_brand":[],"product_cat":[137],"product_tag":[],"class_list":{"0":"post-14379","1":"product","2":"type-product","3":"status-publish","5":"product_cat-maros-megyei-eletrajzi-lexikon","7":"first","8":"instock","9":"shipping-taxable","10":"product-type-simple"},"_links":{"self":[{"href":"https:\/\/uj.adatbank.ro\/lexikon\/wp-json\/wp\/v2\/product\/14379","targetHints":{"allow":["GET"]}}],"collection":[{"href":"https:\/\/uj.adatbank.ro\/lexikon\/wp-json\/wp\/v2\/product"}],"about":[{"href":"https:\/\/uj.adatbank.ro\/lexikon\/wp-json\/wp\/v2\/types\/product"}],"replies":[{"embeddable":true,"href":"https:\/\/uj.adatbank.ro\/lexikon\/wp-json\/wp\/v2\/comments?post=14379"}],"wp:attachment":[{"href":"https:\/\/uj.adatbank.ro\/lexikon\/wp-json\/wp\/v2\/media?parent=14379"}],"wp:term":[{"taxonomy":"product_brand","embeddable":true,"href":"https:\/\/uj.adatbank.ro\/lexikon\/wp-json\/wp\/v2\/product_brand?post=14379"},{"taxonomy":"product_cat","embeddable":true,"href":"https:\/\/uj.adatbank.ro\/lexikon\/wp-json\/wp\/v2\/product_cat?post=14379"},{"taxonomy":"product_tag","embeddable":true,"href":"https:\/\/uj.adatbank.ro\/lexikon\/wp-json\/wp\/v2\/product_tag?post=14379"}],"curies":[{"name":"wp","href":"https:\/\/api.w.org\/{rel}","templated":true}]}}