{"id":14380,"date":"2025-07-15T12:59:53","date_gmt":"2025-07-15T10:59:53","guid":{"rendered":"https:\/\/uj.adatbank.ro\/lexikon\/termek\/maior-grigor-gregoriu\/"},"modified":"2025-07-15T12:59:53","modified_gmt":"2025-07-15T10:59:53","slug":"maior-grigor-gregoriu","status":"publish","type":"product","link":"https:\/\/uj.adatbank.ro\/lexikon\/termek\/maior-grigor-gregoriu\/","title":{"rendered":"MAIOR, Grigor, Gregoriu"},"content":{"rendered":"<p>Mez\u0151\u00f6rm\u00e9nyes, 1859., \u2020 B\u00e9cs, 1901. febr. 11.: lapszerkeszt\u0151. \u2013 Az elemit Mv.-en (1866\u201368),  k\u00f6z\u00e9piskol\u00e1t \u00e9s a teol\u00f3gi\u00e1t Bal\u00e1zsfalv\u00e1n v\u00e9gezte (1884), Brass\u00f3ban a Gazata Transilvaniei szerkeszt\u0151s\u00e9g\u00e9ben dolgozott (1885\u2013), felel\u0151s szerk (1891\u2013900). \u2013 <strong>F. m.:<\/strong> Corona sicriului : Reg\u00e9ny (1883). <br \/><strong>Irod.:<\/strong> Guly\u00e1s<\/br><\/p>\n","protected":false},"excerpt":{"rendered":"<p>Mez\u0151\u00f6rm\u00e9nyes, 1859., \u2020 B\u00e9cs, 1901. febr. 11.: lapszerkeszt\u0151. \u2013 Az elemit Mv.-en (1866\u201368), k\u00f6z\u00e9piskol\u00e1t \u00e9s a teol\u00f3gi\u00e1t Bal\u00e1zsfalv\u00e1n v\u00e9gezte (1884), Brass\u00f3ban a Gazata Transilvaniei szerkeszt\u0151s\u00e9g\u00e9ben dolgozott (1885\u2013), felel\u0151s szerk (1891\u2013900). \u2013 F. m.: Corona sicriului : Reg\u00e9ny (1883). Irod.: Guly\u00e1s<\/p>\n","protected":false},"featured_media":0,"comment_status":"open","ping_status":"closed","template":"","meta":[],"product_brand":[],"product_cat":[137],"product_tag":[],"class_list":{"0":"post-14380","1":"product","2":"type-product","3":"status-publish","5":"product_cat-maros-megyei-eletrajzi-lexikon","7":"first","8":"instock","9":"shipping-taxable","10":"product-type-simple"},"_links":{"self":[{"href":"https:\/\/uj.adatbank.ro\/lexikon\/wp-json\/wp\/v2\/product\/14380","targetHints":{"allow":["GET"]}}],"collection":[{"href":"https:\/\/uj.adatbank.ro\/lexikon\/wp-json\/wp\/v2\/product"}],"about":[{"href":"https:\/\/uj.adatbank.ro\/lexikon\/wp-json\/wp\/v2\/types\/product"}],"replies":[{"embeddable":true,"href":"https:\/\/uj.adatbank.ro\/lexikon\/wp-json\/wp\/v2\/comments?post=14380"}],"wp:attachment":[{"href":"https:\/\/uj.adatbank.ro\/lexikon\/wp-json\/wp\/v2\/media?parent=14380"}],"wp:term":[{"taxonomy":"product_brand","embeddable":true,"href":"https:\/\/uj.adatbank.ro\/lexikon\/wp-json\/wp\/v2\/product_brand?post=14380"},{"taxonomy":"product_cat","embeddable":true,"href":"https:\/\/uj.adatbank.ro\/lexikon\/wp-json\/wp\/v2\/product_cat?post=14380"},{"taxonomy":"product_tag","embeddable":true,"href":"https:\/\/uj.adatbank.ro\/lexikon\/wp-json\/wp\/v2\/product_tag?post=14380"}],"curies":[{"name":"wp","href":"https:\/\/api.w.org\/{rel}","templated":true}]}}