{"id":14384,"date":"2025-07-15T13:00:02","date_gmt":"2025-07-15T11:00:02","guid":{"rendered":"https:\/\/uj.adatbank.ro\/lexikon\/termek\/maior-ioan-nutu\/"},"modified":"2025-07-15T13:00:02","modified_gmt":"2025-07-15T11:00:02","slug":"maior-ioan-nutu","status":"publish","type":"product","link":"https:\/\/uj.adatbank.ro\/lexikon\/termek\/maior-ioan-nutu\/","title":{"rendered":"MAIOR, Ioan Nu\u0163u"},"content":{"rendered":"<p>Hod\u00e1k, ? \u2020 Mv., ?: tan\u00edt\u00f3. \u2013 Bal\u00e1zsfalv\u00e1n tanult, de nem fejezte be tanulm\u00e1nyait, hazat\u00e9r Hod\u00e1kra \u00e9s gazd\u00e1lkodott, majd helyettes tan\u00edt\u00f3 lett. A k\u00f6vesdi Sag\u0103u birtok intend\u00e1nsa lett. H\u00e1rom \u00e9vig falub\u00edr\u00f3 volt (1875\u2013). Egy gyilkoss\u00e1gi eset kapcs\u00e1n letart\u00f3ztatt\u00e1k, \u00e9s a mv.-i b\u00f6rt\u00f6nbe z\u00e1rt\u00e1k. Ez azonban csak kifog\u00e1s volt, mert \u00e1rtatlan volt. Az igazi ok politikai volt, mert a rom\u00e1nok elnyom\u00e1sa ellen agit\u00e1lt. <br \/><strong>Irod.:<\/strong> Maior B. I.: Monografia satului Maiore\u015fti (Blaj, 2008)<\/br><\/p>\n","protected":false},"excerpt":{"rendered":"<p>Hod\u00e1k, ? \u2020 Mv., ?: tan\u00edt\u00f3. \u2013 Bal\u00e1zsfalv\u00e1n tanult, de nem fejezte be tanulm\u00e1nyait, hazat\u00e9r Hod\u00e1kra \u00e9s gazd\u00e1lkodott, majd helyettes tan\u00edt\u00f3 lett. A k\u00f6vesdi Sag\u0103u birtok intend\u00e1nsa lett. H\u00e1rom \u00e9vig falub\u00edr\u00f3 volt (1875\u2013). Egy gyilkoss\u00e1gi eset kapcs\u00e1n letart\u00f3ztatt\u00e1k, \u00e9s a mv.-i b\u00f6rt\u00f6nbe z\u00e1rt\u00e1k. Ez azonban csak kifog\u00e1s volt, mert \u00e1rtatlan volt. Az igazi ok politikai [&hellip;]<\/p>\n","protected":false},"featured_media":0,"comment_status":"open","ping_status":"closed","template":"","meta":[],"product_brand":[],"product_cat":[137],"product_tag":[],"class_list":{"0":"post-14384","1":"product","2":"type-product","3":"status-publish","5":"product_cat-maros-megyei-eletrajzi-lexikon","7":"first","8":"instock","9":"shipping-taxable","10":"product-type-simple"},"_links":{"self":[{"href":"https:\/\/uj.adatbank.ro\/lexikon\/wp-json\/wp\/v2\/product\/14384","targetHints":{"allow":["GET"]}}],"collection":[{"href":"https:\/\/uj.adatbank.ro\/lexikon\/wp-json\/wp\/v2\/product"}],"about":[{"href":"https:\/\/uj.adatbank.ro\/lexikon\/wp-json\/wp\/v2\/types\/product"}],"replies":[{"embeddable":true,"href":"https:\/\/uj.adatbank.ro\/lexikon\/wp-json\/wp\/v2\/comments?post=14384"}],"wp:attachment":[{"href":"https:\/\/uj.adatbank.ro\/lexikon\/wp-json\/wp\/v2\/media?parent=14384"}],"wp:term":[{"taxonomy":"product_brand","embeddable":true,"href":"https:\/\/uj.adatbank.ro\/lexikon\/wp-json\/wp\/v2\/product_brand?post=14384"},{"taxonomy":"product_cat","embeddable":true,"href":"https:\/\/uj.adatbank.ro\/lexikon\/wp-json\/wp\/v2\/product_cat?post=14384"},{"taxonomy":"product_tag","embeddable":true,"href":"https:\/\/uj.adatbank.ro\/lexikon\/wp-json\/wp\/v2\/product_tag?post=14384"}],"curies":[{"name":"wp","href":"https:\/\/api.w.org\/{rel}","templated":true}]}}