{"id":14391,"date":"2025-07-15T13:00:14","date_gmt":"2025-07-15T11:00:14","guid":{"rendered":"https:\/\/uj.adatbank.ro\/lexikon\/termek\/maior-petru-major-peter\/"},"modified":"2025-07-15T13:00:14","modified_gmt":"2025-07-15T11:00:14","slug":"maior-petru-major-peter","status":"publish","type":"product","link":"https:\/\/uj.adatbank.ro\/lexikon\/termek\/maior-petru-major-peter\/","title":{"rendered":"MAIOR, Petru, Major P\u00e9ter"},"content":{"rendered":"<p>Toldalag, 1797., \u2020 1874. dec.: g. kat. pap. \u2013 Apja pap volt. A teol\u00f3gi\u00e1t v\u00e1gzett (1860). Toldalagon szolg\u00e1lt (1834). Hal\u00e1lakor Maior Petru-k\u00e9nt szerepel a halotti anyak\u00f6nyvben (1874). <br \/><strong>Irod.:<\/strong> Dobozi<\/br><\/p>\n","protected":false},"excerpt":{"rendered":"<p>Toldalag, 1797., \u2020 1874. dec.: g. kat. pap. \u2013 Apja pap volt. A teol\u00f3gi\u00e1t v\u00e1gzett (1860). Toldalagon szolg\u00e1lt (1834). Hal\u00e1lakor Maior Petru-k\u00e9nt szerepel a halotti anyak\u00f6nyvben (1874). Irod.: Dobozi<\/p>\n","protected":false},"featured_media":0,"comment_status":"open","ping_status":"closed","template":"","meta":[],"product_brand":[],"product_cat":[137],"product_tag":[],"class_list":{"0":"post-14391","1":"product","2":"type-product","3":"status-publish","5":"product_cat-maros-megyei-eletrajzi-lexikon","7":"first","8":"instock","9":"shipping-taxable","10":"product-type-simple"},"_links":{"self":[{"href":"https:\/\/uj.adatbank.ro\/lexikon\/wp-json\/wp\/v2\/product\/14391","targetHints":{"allow":["GET"]}}],"collection":[{"href":"https:\/\/uj.adatbank.ro\/lexikon\/wp-json\/wp\/v2\/product"}],"about":[{"href":"https:\/\/uj.adatbank.ro\/lexikon\/wp-json\/wp\/v2\/types\/product"}],"replies":[{"embeddable":true,"href":"https:\/\/uj.adatbank.ro\/lexikon\/wp-json\/wp\/v2\/comments?post=14391"}],"wp:attachment":[{"href":"https:\/\/uj.adatbank.ro\/lexikon\/wp-json\/wp\/v2\/media?parent=14391"}],"wp:term":[{"taxonomy":"product_brand","embeddable":true,"href":"https:\/\/uj.adatbank.ro\/lexikon\/wp-json\/wp\/v2\/product_brand?post=14391"},{"taxonomy":"product_cat","embeddable":true,"href":"https:\/\/uj.adatbank.ro\/lexikon\/wp-json\/wp\/v2\/product_cat?post=14391"},{"taxonomy":"product_tag","embeddable":true,"href":"https:\/\/uj.adatbank.ro\/lexikon\/wp-json\/wp\/v2\/product_tag?post=14391"}],"curies":[{"name":"wp","href":"https:\/\/api.w.org\/{rel}","templated":true}]}}