{"id":14396,"date":"2025-07-15T13:00:26","date_gmt":"2025-07-15T11:00:26","guid":{"rendered":"https:\/\/uj.adatbank.ro\/lexikon\/termek\/maiorescu-ioan-janos\/"},"modified":"2025-07-26T13:30:01","modified_gmt":"2025-07-26T11:30:01","slug":"maiorescu-ioan-janos","status":"publish","type":"product","link":"https:\/\/uj.adatbank.ro\/lexikon\/termek\/maiorescu-ioan-janos\/","title":{"rendered":"MAIORESCU, Ioan; J\u00e1nos"},"content":{"rendered":"<p>Ol\u00e1hkocs\u00e1rd, 1811., \u2020 1864. : tanfel\u00fcgyel\u0151 \u00e9s gimn\u00e1ziumi igazgat\u00f3. \u2013 Iskol\u00e1it Bal\u00e1zsfalv\u00e1n, Kv.-on, Pesten \u00e9s B\u00e9csben v\u00e9gezte. A craiovai gimn\u00e1zium tan\u00e1ra \u00e9s igazgat\u00f3ja (1838\u2013). Nemsok\u00e1ra Moldv\u00e1ba ker\u00fclt, ugyancsak igazgat\u00f3i min\u0151s\u00e9gben a szokolai szeminariumhoz, majd Brass\u00f3ban \u00e9lt, ahonnan kev\u00e9s id\u0151 m\u00falva Rom\u00e1ni\u00e1ba ment. Ekkor a t\u00f6rt\u00e9nelmi tansz\u00e9k tan\u00e1r\u00e1v\u00e1 nevezt\u00e9k ki a szent Sz\u00e1va f\u0151iskol\u00e1hoz (a k\u00e9s\u0151bbi egyetemhez); tanfel\u00fcgyel\u0151 lett (1848); a frankfurti gy\u0171l\u00e9sen \u0151 k\u00e9pviselte a rom\u00e1n fejedelems\u00e9get (1849). Visszat\u00e9rve kis id\u0151t Rom\u00e1ni\u00e1ban t\u00f6lt\u00f6tt. B\u00e9csbe ker\u00fclt, ahol a birodalmi t\u00f6rv\u00e9nyt\u00e1r szerkeszt\u00e9s\u00e9vel b\u00edzt\u00e1k meg. Ism\u00e9t visszament Rom\u00e1ni\u00e1ba, hol megint tanfel\u00fcgyel\u0151 s a buk.-i gimn\u00e1zium igazgat\u00f3ja lett. Beutazta Istri\u00e1t \u00e9s els\u0151k\u00e9nt fedezte fel a harmadik rom\u00e1n dialektust, az isztrorom\u00e1nt. Fia M. Titus, egyetemi tan\u00e1r Buk.-ben \u00e9s szen\u00e1tor. \u2013 <strong>F. m.:<\/strong> Despre originea \u015fi vechimea limbe\u00ef rom\u00eene. (Buk., 1859.); Tractat limbistic \u015fi istoric. (Buk., 1859); Itinerarul in Istria. (Buk., 1874); M\u00e9g n\u00e9gy munk\u00e1ja van, melyek szint\u00e9n Buk.-ben jelentek meg.<br \/>\n<strong>Irod.:<\/strong> Pallas; Szinnyei; Dic\u0163ionarul enciclopedic 4. vol. szerint Bucerdea G\u00e2noas\u0103, jud. Alba = Buz\u00e1sbocs\u00e1rd: om politic, filolog, publicist rom.; DGLR<\/p>\n","protected":false},"excerpt":{"rendered":"<p>Ol\u00e1hkocs\u00e1rd, 1811., \u2020 1864. : tanfel\u00fcgyel\u0151 \u00e9s gimn\u00e1ziumi igazgat\u00f3. \u2013 Iskol\u00e1it Bal\u00e1zsfalv\u00e1n, Kv.-on, Pesten \u00e9s B\u00e9csben v\u00e9gezte. A craiovai gimn\u00e1zium tan\u00e1ra \u00e9s igazgat\u00f3ja (1838\u2013). Nemsok\u00e1ra Moldv\u00e1ba ker\u00fclt, ugyancsak igazgat\u00f3i min\u0151s\u00e9gben a szokolai szeminariumhoz, majd Brass\u00f3ban \u00e9lt, ahonnan kev\u00e9s id\u0151 m\u00falva Rom\u00e1ni\u00e1ba ment. Ekkor a t\u00f6rt\u00e9nelmi tansz\u00e9k tan\u00e1r\u00e1v\u00e1 nevezt\u00e9k ki a szent Sz\u00e1va f\u0151iskol\u00e1hoz (a k\u00e9s\u0151bbi [&hellip;]<\/p>\n","protected":false},"featured_media":0,"comment_status":"open","ping_status":"closed","template":"","meta":[],"product_brand":[],"product_cat":[137],"product_tag":[],"class_list":{"0":"post-14396","1":"product","2":"type-product","3":"status-publish","5":"product_cat-maros-megyei-eletrajzi-lexikon","7":"first","8":"instock","9":"shipping-taxable","10":"product-type-simple"},"_links":{"self":[{"href":"https:\/\/uj.adatbank.ro\/lexikon\/wp-json\/wp\/v2\/product\/14396","targetHints":{"allow":["GET"]}}],"collection":[{"href":"https:\/\/uj.adatbank.ro\/lexikon\/wp-json\/wp\/v2\/product"}],"about":[{"href":"https:\/\/uj.adatbank.ro\/lexikon\/wp-json\/wp\/v2\/types\/product"}],"replies":[{"embeddable":true,"href":"https:\/\/uj.adatbank.ro\/lexikon\/wp-json\/wp\/v2\/comments?post=14396"}],"wp:attachment":[{"href":"https:\/\/uj.adatbank.ro\/lexikon\/wp-json\/wp\/v2\/media?parent=14396"}],"wp:term":[{"taxonomy":"product_brand","embeddable":true,"href":"https:\/\/uj.adatbank.ro\/lexikon\/wp-json\/wp\/v2\/product_brand?post=14396"},{"taxonomy":"product_cat","embeddable":true,"href":"https:\/\/uj.adatbank.ro\/lexikon\/wp-json\/wp\/v2\/product_cat?post=14396"},{"taxonomy":"product_tag","embeddable":true,"href":"https:\/\/uj.adatbank.ro\/lexikon\/wp-json\/wp\/v2\/product_tag?post=14396"}],"curies":[{"name":"wp","href":"https:\/\/api.w.org\/{rel}","templated":true}]}}