{"id":14397,"date":"2025-07-15T13:00:27","date_gmt":"2025-07-15T11:00:27","guid":{"rendered":"https:\/\/uj.adatbank.ro\/lexikon\/termek\/maioru-vazul\/"},"modified":"2025-07-15T13:00:27","modified_gmt":"2025-07-15T11:00:27","slug":"maioru-vazul","status":"publish","type":"product","link":"https:\/\/uj.adatbank.ro\/lexikon\/termek\/maioru-vazul\/","title":{"rendered":"MAIORU, Vazul"},"content":{"rendered":"<p>Kem\u00e9nytelke, 1872. m\u00e1j. 2., \u2020 ?: orvos. \u2013 Bal\u00e1zsfalv\u00e1n tanult a g. kat. gimn.-ban, Kv.-on az OGYE hallgat\u00f3ja (1893\u201396), abszolv\u00e1lt (1900. szept. 7.), orvosi doktor\u00e1tust nyert (1908. szept. 19.). <br \/><strong>Irod.:<\/strong> Sigmirean<\/br><\/p>\n","protected":false},"excerpt":{"rendered":"<p>Kem\u00e9nytelke, 1872. m\u00e1j. 2., \u2020 ?: orvos. \u2013 Bal\u00e1zsfalv\u00e1n tanult a g. kat. gimn.-ban, Kv.-on az OGYE hallgat\u00f3ja (1893\u201396), abszolv\u00e1lt (1900. szept. 7.), orvosi doktor\u00e1tust nyert (1908. szept. 19.). Irod.: Sigmirean<\/p>\n","protected":false},"featured_media":0,"comment_status":"open","ping_status":"closed","template":"","meta":[],"product_brand":[],"product_cat":[137],"product_tag":[],"class_list":{"0":"post-14397","1":"product","2":"type-product","3":"status-publish","5":"product_cat-maros-megyei-eletrajzi-lexikon","7":"first","8":"instock","9":"shipping-taxable","10":"product-type-simple"},"_links":{"self":[{"href":"https:\/\/uj.adatbank.ro\/lexikon\/wp-json\/wp\/v2\/product\/14397","targetHints":{"allow":["GET"]}}],"collection":[{"href":"https:\/\/uj.adatbank.ro\/lexikon\/wp-json\/wp\/v2\/product"}],"about":[{"href":"https:\/\/uj.adatbank.ro\/lexikon\/wp-json\/wp\/v2\/types\/product"}],"replies":[{"embeddable":true,"href":"https:\/\/uj.adatbank.ro\/lexikon\/wp-json\/wp\/v2\/comments?post=14397"}],"wp:attachment":[{"href":"https:\/\/uj.adatbank.ro\/lexikon\/wp-json\/wp\/v2\/media?parent=14397"}],"wp:term":[{"taxonomy":"product_brand","embeddable":true,"href":"https:\/\/uj.adatbank.ro\/lexikon\/wp-json\/wp\/v2\/product_brand?post=14397"},{"taxonomy":"product_cat","embeddable":true,"href":"https:\/\/uj.adatbank.ro\/lexikon\/wp-json\/wp\/v2\/product_cat?post=14397"},{"taxonomy":"product_tag","embeddable":true,"href":"https:\/\/uj.adatbank.ro\/lexikon\/wp-json\/wp\/v2\/product_tag?post=14397"}],"curies":[{"name":"wp","href":"https:\/\/api.w.org\/{rel}","templated":true}]}}